{"id":17282,"date":"2025-12-13T19:17:02","date_gmt":"2025-12-13T16:17:02","guid":{"rendered":"https:\/\/bykitchen.com.tr\/?post_type=product&#038;p=17282"},"modified":"2025-12-13T19:17:02","modified_gmt":"2025-12-13T16:17:02","slug":"by-kitchen-chafing-dish","status":"publish","type":"product","link":"https:\/\/bykitchen.com.tr\/en\/product\/by-kitchen-chafing-dish\/","title":{"rendered":"By Kitchen Chafing Dish 1\/1"},"content":{"rendered":"","protected":false},"excerpt":{"rendered":"<p>Yemeklerinizi ideal s\u0131cakl\u0131kta sunman\u0131n en pratik yolu.<\/p>\n<p>Paslanmaz \u00e7elik g\u00f6vde, GN uyumlu tasar\u0131m ve g\u00fcvenilir \u0131s\u0131tma sistemiyle chafing dish modellerimiz, end\u00fcstriyel mutfaklar\u0131n vazge\u00e7ilmezidir.<\/p>\n<p><strong>Teknik \u00d6zellikler:<\/strong><\/p>\n<p>Ebatlar: 560*430*190mm<\/p>\n<p>A\u011f\u0131rl\u0131k: 1 kg<\/p>\n<p>G\u00fc\u00e7: 220V 50,60Hz 300W-800W<\/p>","protected":false},"featured_media":17283,"comment_status":"open","ping_status":"closed","template":"","meta":[],"product_brand":[],"product_cat":[180],"product_tag":[],"class_list":{"0":"post-17282","1":"product","2":"type-product","3":"status-publish","4":"has-post-thumbnail","6":"product_cat-chafing-dish","8":"first","9":"instock","10":"shipping-taxable","11":"product-type-simple"},"_links":{"self":[{"href":"https:\/\/bykitchen.com.tr\/en\/wp-json\/wp\/v2\/product\/17282","targetHints":{"allow":["GET"]}}],"collection":[{"href":"https:\/\/bykitchen.com.tr\/en\/wp-json\/wp\/v2\/product"}],"about":[{"href":"https:\/\/bykitchen.com.tr\/en\/wp-json\/wp\/v2\/types\/product"}],"replies":[{"embeddable":true,"href":"https:\/\/bykitchen.com.tr\/en\/wp-json\/wp\/v2\/comments?post=17282"}],"version-history":[{"count":1,"href":"https:\/\/bykitchen.com.tr\/en\/wp-json\/wp\/v2\/product\/17282\/revisions"}],"predecessor-version":[{"id":17284,"href":"https:\/\/bykitchen.com.tr\/en\/wp-json\/wp\/v2\/product\/17282\/revisions\/17284"}],"wp:featuredmedia":[{"embeddable":true,"href":"https:\/\/bykitchen.com.tr\/en\/wp-json\/wp\/v2\/media\/17283"}],"wp:attachment":[{"href":"https:\/\/bykitchen.com.tr\/en\/wp-json\/wp\/v2\/media?parent=17282"}],"wp:term":[{"taxonomy":"product_brand","embeddable":true,"href":"https:\/\/bykitchen.com.tr\/en\/wp-json\/wp\/v2\/product_brand?post=17282"},{"taxonomy":"product_cat","embeddable":true,"href":"https:\/\/bykitchen.com.tr\/en\/wp-json\/wp\/v2\/product_cat?post=17282"},{"taxonomy":"product_tag","embeddable":true,"href":"https:\/\/bykitchen.com.tr\/en\/wp-json\/wp\/v2\/product_tag?post=17282"}],"curies":[{"name":"wp","href":"https:\/\/api.w.org\/{rel}","templated":true}]}}