{"id":17134,"date":"2025-07-14T11:50:02","date_gmt":"2025-07-14T08:50:02","guid":{"rendered":"https:\/\/bykitchen.com.tr\/?post_type=product&#038;p=17134"},"modified":"2025-07-14T11:50:02","modified_gmt":"2025-07-14T08:50:02","slug":"otomatik-limon-sikma-makinesi","status":"publish","type":"product","link":"https:\/\/bykitchen.com.tr\/en\/product\/otomatik-limon-sikma-makinesi\/","title":{"rendered":"By Kitchen Otomatik Limon S\u0131kma Makinesi"},"content":{"rendered":"","protected":false},"excerpt":{"rendered":"<div>\n<p>G\u0131da standartlar\u0131na uygun s\u0131kma ve s\u00fczme aparatlar\u0131<\/p>\n<\/div>\n<div>\n<p>El ile besleme, Saatte 80 kg s\u0131kma kapasitesi<\/p>\n<\/div>\n<div>\n<p>Limonu ezmeden s\u0131kar<\/p>\n<\/div>\n<div>\n<p>Posadaki ac\u0131 tat suya kar\u0131\u015fmaz<\/p>\n<\/div>\n<div>\n<p>A\u00e7ma\/Kapama D\u00fc\u011fmesi Mevcuttur<\/p>\n<\/div>\n<div>\n<p>5 Kg sepet haznesi mevcuttur<\/p>\n<\/div>\n<div>\n<p>Dakika da 1 ila 2 kg limon s\u0131kmaktad\u0131r<\/p>\n<\/div>","protected":false},"featured_media":17135,"comment_status":"open","ping_status":"closed","template":"","meta":[],"product_brand":[],"product_cat":[175,78],"product_tag":[],"class_list":{"0":"post-17134","1":"product","2":"type-product","3":"status-publish","4":"has-post-thumbnail","6":"product_cat-portakal-sikma-makineleri","7":"product_cat-cafe-ve-bar-ekipmanlari","9":"first","10":"instock","11":"shipping-taxable","12":"product-type-simple"},"_links":{"self":[{"href":"https:\/\/bykitchen.com.tr\/en\/wp-json\/wp\/v2\/product\/17134","targetHints":{"allow":["GET"]}}],"collection":[{"href":"https:\/\/bykitchen.com.tr\/en\/wp-json\/wp\/v2\/product"}],"about":[{"href":"https:\/\/bykitchen.com.tr\/en\/wp-json\/wp\/v2\/types\/product"}],"replies":[{"embeddable":true,"href":"https:\/\/bykitchen.com.tr\/en\/wp-json\/wp\/v2\/comments?post=17134"}],"version-history":[{"count":1,"href":"https:\/\/bykitchen.com.tr\/en\/wp-json\/wp\/v2\/product\/17134\/revisions"}],"predecessor-version":[{"id":17136,"href":"https:\/\/bykitchen.com.tr\/en\/wp-json\/wp\/v2\/product\/17134\/revisions\/17136"}],"wp:featuredmedia":[{"embeddable":true,"href":"https:\/\/bykitchen.com.tr\/en\/wp-json\/wp\/v2\/media\/17135"}],"wp:attachment":[{"href":"https:\/\/bykitchen.com.tr\/en\/wp-json\/wp\/v2\/media?parent=17134"}],"wp:term":[{"taxonomy":"product_brand","embeddable":true,"href":"https:\/\/bykitchen.com.tr\/en\/wp-json\/wp\/v2\/product_brand?post=17134"},{"taxonomy":"product_cat","embeddable":true,"href":"https:\/\/bykitchen.com.tr\/en\/wp-json\/wp\/v2\/product_cat?post=17134"},{"taxonomy":"product_tag","embeddable":true,"href":"https:\/\/bykitchen.com.tr\/en\/wp-json\/wp\/v2\/product_tag?post=17134"}],"curies":[{"name":"wp","href":"https:\/\/api.w.org\/{rel}","templated":true}]}}