{"id":17126,"date":"2025-07-14T11:38:34","date_gmt":"2025-07-14T08:38:34","guid":{"rendered":"https:\/\/bykitchen.com.tr\/?post_type=product&#038;p=17126"},"modified":"2025-07-14T11:43:31","modified_gmt":"2025-07-14T08:43:31","slug":"by-kitchen-otomatik-musluklu-portakal-sikma-makinesi","status":"publish","type":"product","link":"https:\/\/bykitchen.com.tr\/en\/product\/by-kitchen-otomatik-musluklu-portakal-sikma-makinesi\/","title":{"rendered":"By Kitchen Otomatik Musluklu Portakal S\u0131kma Makinesi"},"content":{"rendered":"","protected":false},"excerpt":{"rendered":"<div>\n<p>G\u0131da standartlar\u0131na uygun s\u0131kma ve s\u00fczme aparatlar\u0131<\/p>\n<\/div>\n<div>\n<p>El ile besleme, Dakikada 20 portakal s\u0131kma kapasitesi<\/p>\n<\/div>\n<div>\n<p>2 adet posa haznesi fiyata dahildir<\/p>\n<\/div>\n<div>\n<p>Portakal\u0131 ezmeden s\u0131kar<\/p>\n<\/div>\n<div>\n<p>Posadaki ac\u0131 tat suya kar\u0131\u015fmaz<\/p>\n<\/div>\n<div>\n<p>Siyah musluklu<\/p>\n<\/div>","protected":false},"featured_media":17132,"comment_status":"open","ping_status":"closed","template":"","meta":[],"product_brand":[],"product_cat":[175,78],"product_tag":[],"class_list":{"0":"post-17126","1":"product","2":"type-product","3":"status-publish","4":"has-post-thumbnail","6":"product_cat-portakal-sikma-makineleri","7":"product_cat-cafe-ve-bar-ekipmanlari","9":"first","10":"instock","11":"shipping-taxable","12":"product-type-simple"},"_links":{"self":[{"href":"https:\/\/bykitchen.com.tr\/en\/wp-json\/wp\/v2\/product\/17126","targetHints":{"allow":["GET"]}}],"collection":[{"href":"https:\/\/bykitchen.com.tr\/en\/wp-json\/wp\/v2\/product"}],"about":[{"href":"https:\/\/bykitchen.com.tr\/en\/wp-json\/wp\/v2\/types\/product"}],"replies":[{"embeddable":true,"href":"https:\/\/bykitchen.com.tr\/en\/wp-json\/wp\/v2\/comments?post=17126"}],"version-history":[{"count":3,"href":"https:\/\/bykitchen.com.tr\/en\/wp-json\/wp\/v2\/product\/17126\/revisions"}],"predecessor-version":[{"id":17133,"href":"https:\/\/bykitchen.com.tr\/en\/wp-json\/wp\/v2\/product\/17126\/revisions\/17133"}],"wp:featuredmedia":[{"embeddable":true,"href":"https:\/\/bykitchen.com.tr\/en\/wp-json\/wp\/v2\/media\/17132"}],"wp:attachment":[{"href":"https:\/\/bykitchen.com.tr\/en\/wp-json\/wp\/v2\/media?parent=17126"}],"wp:term":[{"taxonomy":"product_brand","embeddable":true,"href":"https:\/\/bykitchen.com.tr\/en\/wp-json\/wp\/v2\/product_brand?post=17126"},{"taxonomy":"product_cat","embeddable":true,"href":"https:\/\/bykitchen.com.tr\/en\/wp-json\/wp\/v2\/product_cat?post=17126"},{"taxonomy":"product_tag","embeddable":true,"href":"https:\/\/bykitchen.com.tr\/en\/wp-json\/wp\/v2\/product_tag?post=17126"}],"curies":[{"name":"wp","href":"https:\/\/api.w.org\/{rel}","templated":true}]}}