{"id":17055,"date":"2025-07-10T09:55:30","date_gmt":"2025-07-10T06:55:30","guid":{"rendered":"https:\/\/bykitchen.com.tr\/?post_type=product&#038;p=17055"},"modified":"2025-07-10T09:55:30","modified_gmt":"2025-07-10T06:55:30","slug":"by-kitchen-vortex-silencer-pro-bar-blender","status":"publish","type":"product","link":"https:\/\/bykitchen.com.tr\/en\/product\/by-kitchen-vortex-silencer-pro-bar-blender\/","title":{"rendered":"By Kitchen Vortex Silencer Pro Bar Blender"},"content":{"rendered":"","protected":false},"excerpt":{"rendered":"<div>\n<div>\n<div>\n<p><strong>By Kitchen Vortex Silencer Pro Bar Blender<\/strong><\/p>\n<p>Ak\u0131ll\u0131 Kontrol Paneli ile kolay kullan\u0131m<\/p>\n<\/div>\n<div>\n<p>Dondurma, smoothie, meyve suyu, buz k\u0131rma ve p\u00fcre haz\u0131rlamak i\u00e7in ideal<\/p>\n<\/div>\n<div>\n<p>Profesyonel modellere e\u015fde\u011fer sessiz \u00e7al\u0131\u015fma \u00f6zelli\u011fi<\/p>\n<\/div>\n<div>\n<p>G\u00fcr\u00fclt\u00fc seviyesinde %60&#8217;a varan azalma<\/p>\n<\/div>\n<div>\n<p>Geni\u015fletilmi\u015f ve kal\u0131nla\u015ft\u0131r\u0131lm\u0131\u015f y\u00fckseltilmi\u015f b\u0131\u00e7ak tasar\u0131m\u0131<\/p>\n<\/div>\n<div>\n<p>9840 devirli %100 saf bak\u0131r sabit h\u0131zl\u0131 motor<\/p>\n<\/div>\n<div>\n<p>Sessiz, g\u00fc\u00e7l\u00fc ve uzun \u00f6m\u00fcrl\u00fc performans<\/p>\n<\/div>\n<div>\n<p>Su ge\u00e7irmez \u00e7ift katmanl\u0131 LED ekran paneli<\/p>\n<\/div>\n<div>\n<p>Sa\u011flam, dayan\u0131kl\u0131 ve kolay temizlenebilir malzeme<\/p>\n<\/div>\n<div>\n<p>Ses yal\u0131t\u0131ml\u0131 kapal\u0131 g\u00f6vde ile d\u00fc\u015f\u00fck ses seviyesi<\/p>\n<\/div>\n<div>\n<p>Ev kullan\u0131m\u0131 d\u0131\u015f\u0131nda restoran, kafe ve kokteyl barlar\u0131 i\u00e7in ideal<\/p>\n<\/div>\n<div>\n<p>Motor: 9840 saf bak\u0131r sabit h\u0131zl\u0131 motor<\/p>\n<\/div>\n<div>\n<p>Devir H\u0131z\u0131: 28.000 \u2013 30.000 rpm<\/p>\n<\/div>\n<\/div>\n<\/div>","protected":false},"featured_media":17056,"comment_status":"open","ping_status":"closed","template":"","meta":[],"product_brand":[],"product_cat":[78,86],"product_tag":[],"class_list":{"0":"post-17055","1":"product","2":"type-product","3":"status-publish","4":"has-post-thumbnail","6":"product_cat-cafe-ve-bar-ekipmanlari","7":"product_cat-bar-blender","9":"first","10":"instock","11":"shipping-taxable","12":"product-type-simple"},"_links":{"self":[{"href":"https:\/\/bykitchen.com.tr\/en\/wp-json\/wp\/v2\/product\/17055","targetHints":{"allow":["GET"]}}],"collection":[{"href":"https:\/\/bykitchen.com.tr\/en\/wp-json\/wp\/v2\/product"}],"about":[{"href":"https:\/\/bykitchen.com.tr\/en\/wp-json\/wp\/v2\/types\/product"}],"replies":[{"embeddable":true,"href":"https:\/\/bykitchen.com.tr\/en\/wp-json\/wp\/v2\/comments?post=17055"}],"version-history":[{"count":1,"href":"https:\/\/bykitchen.com.tr\/en\/wp-json\/wp\/v2\/product\/17055\/revisions"}],"predecessor-version":[{"id":17057,"href":"https:\/\/bykitchen.com.tr\/en\/wp-json\/wp\/v2\/product\/17055\/revisions\/17057"}],"wp:featuredmedia":[{"embeddable":true,"href":"https:\/\/bykitchen.com.tr\/en\/wp-json\/wp\/v2\/media\/17056"}],"wp:attachment":[{"href":"https:\/\/bykitchen.com.tr\/en\/wp-json\/wp\/v2\/media?parent=17055"}],"wp:term":[{"taxonomy":"product_brand","embeddable":true,"href":"https:\/\/bykitchen.com.tr\/en\/wp-json\/wp\/v2\/product_brand?post=17055"},{"taxonomy":"product_cat","embeddable":true,"href":"https:\/\/bykitchen.com.tr\/en\/wp-json\/wp\/v2\/product_cat?post=17055"},{"taxonomy":"product_tag","embeddable":true,"href":"https:\/\/bykitchen.com.tr\/en\/wp-json\/wp\/v2\/product_tag?post=17055"}],"curies":[{"name":"wp","href":"https:\/\/api.w.org\/{rel}","templated":true}]}}