{"id":16923,"date":"2025-05-15T17:10:15","date_gmt":"2025-05-15T14:10:15","guid":{"rendered":"https:\/\/bykitchen.com.tr\/?post_type=product&#038;p=16923"},"modified":"2025-06-18T09:14:12","modified_gmt":"2025-06-18T06:14:12","slug":"by-kitchen-asansorlu-fritoz","status":"publish","type":"product","link":"https:\/\/bykitchen.com.tr\/en\/product\/by-kitchen-asansorlu-fritoz\/","title":{"rendered":"By Kitchen Asans\u00f6rl\u00fc \u0130nd\u00fcksiyonlu Frit\u00f6z"},"content":{"rendered":"","protected":false},"excerpt":{"rendered":"<h3 data-start=\"126\" data-end=\"194\"><strong data-start=\"130\" data-end=\"194\">Tezgah \u00dcst\u00fc Otomatik Asans\u00f6rl\u00fc \u0130nd\u00fcksiyonlu Frit\u00f6z<\/strong><\/h3>\n<p data-start=\"196\" data-end=\"245\"><strong data-start=\"196\" data-end=\"245\">Ak\u0131ll\u0131 teknoloji, kusursuz k\u0131zartma deneyimi!<\/strong><\/p>\n<ul data-start=\"247\" data-end=\"692\">\n<li data-start=\"247\" data-end=\"318\">\n<p data-start=\"249\" data-end=\"318\"><strong data-start=\"249\" data-end=\"279\">Dokunmatik Kontrol Paneli:<\/strong> Kolay kullan\u0131m, maksimum hassasiyet.<\/p>\n<\/li>\n<li data-start=\"319\" data-end=\"381\">\n<p data-start=\"321\" data-end=\"381\"><strong data-start=\"321\" data-end=\"342\">8 Litre Kapasite:<\/strong> Y\u00fcksek hacimli servisler i\u00e7in ideal.<\/p>\n<\/li>\n<li data-start=\"382\" data-end=\"448\">\n<p data-start=\"384\" data-end=\"448\"><strong data-start=\"384\" data-end=\"412\">So\u011fuk B\u00f6lge Teknolojisi:<\/strong> Ya\u011f \u00f6mr\u00fcn\u00fc uzat\u0131r, lezzeti korur.<\/p>\n<\/li>\n<li data-start=\"449\" data-end=\"523\">\n<p data-start=\"451\" data-end=\"523\"><strong data-start=\"451\" data-end=\"479\">Otomatik Sepet Kald\u0131rma:<\/strong> K\u0131zartman\u0131z tam zaman\u0131nda, tam k\u0131vam\u0131nda!<\/p>\n<\/li>\n<li data-start=\"524\" data-end=\"627\">\n<p data-start=\"526\" data-end=\"627\"><strong data-start=\"526\" data-end=\"555\">Programlanabilir \u00c7al\u0131\u015fma:<\/strong> S\u0131k kullan\u0131lan tarifleri kaydedin, tekrar tekrar m\u00fckemmel sonu\u00e7 al\u0131n.<\/p>\n<\/li>\n<li data-start=\"628\" data-end=\"692\">\n<p data-start=\"630\" data-end=\"692\"><strong data-start=\"630\" data-end=\"657\">Zamanlay\u0131c\u0131 Fonksiyonu:<\/strong> S\u00fcreyi ayarlay\u0131n, g\u00fcvenle b\u0131rak\u0131n.<\/p>\n<\/li>\n<\/ul>\n<p data-start=\"694\" data-end=\"827\"> <strong data-start=\"697\" data-end=\"765\">Profesyonel mutfaklara \u00f6zel. Yer kaplamaz, i\u015f y\u00fck\u00fcn\u00fc hafifletir.<\/strong><br data-start=\"765\" data-end=\"768\" \/> <strong data-start=\"771\" data-end=\"827\">\u0130nd\u00fcksiyon teknolojisiyle enerji tasarrufu sa\u011flay\u0131n.<\/strong><\/p>","protected":false},"featured_media":16924,"comment_status":"open","ping_status":"closed","template":"","meta":[],"product_brand":[],"product_cat":[93,99],"product_tag":[],"class_list":{"0":"post-16923","1":"product","2":"type-product","3":"status-publish","4":"has-post-thumbnail","6":"product_cat-snack-seri-pisiriciler","7":"product_cat-by-kitchen-fritoz-modelleri","9":"first","10":"instock","11":"shipping-taxable","12":"product-type-simple"},"_links":{"self":[{"href":"https:\/\/bykitchen.com.tr\/en\/wp-json\/wp\/v2\/product\/16923","targetHints":{"allow":["GET"]}}],"collection":[{"href":"https:\/\/bykitchen.com.tr\/en\/wp-json\/wp\/v2\/product"}],"about":[{"href":"https:\/\/bykitchen.com.tr\/en\/wp-json\/wp\/v2\/types\/product"}],"replies":[{"embeddable":true,"href":"https:\/\/bykitchen.com.tr\/en\/wp-json\/wp\/v2\/comments?post=16923"}],"version-history":[{"count":3,"href":"https:\/\/bykitchen.com.tr\/en\/wp-json\/wp\/v2\/product\/16923\/revisions"}],"predecessor-version":[{"id":17015,"href":"https:\/\/bykitchen.com.tr\/en\/wp-json\/wp\/v2\/product\/16923\/revisions\/17015"}],"wp:featuredmedia":[{"embeddable":true,"href":"https:\/\/bykitchen.com.tr\/en\/wp-json\/wp\/v2\/media\/16924"}],"wp:attachment":[{"href":"https:\/\/bykitchen.com.tr\/en\/wp-json\/wp\/v2\/media?parent=16923"}],"wp:term":[{"taxonomy":"product_brand","embeddable":true,"href":"https:\/\/bykitchen.com.tr\/en\/wp-json\/wp\/v2\/product_brand?post=16923"},{"taxonomy":"product_cat","embeddable":true,"href":"https:\/\/bykitchen.com.tr\/en\/wp-json\/wp\/v2\/product_cat?post=16923"},{"taxonomy":"product_tag","embeddable":true,"href":"https:\/\/bykitchen.com.tr\/en\/wp-json\/wp\/v2\/product_tag?post=16923"}],"curies":[{"name":"wp","href":"https:\/\/api.w.org\/{rel}","templated":true}]}}