{"id":16919,"date":"2025-05-15T16:54:17","date_gmt":"2025-05-15T13:54:17","guid":{"rendered":"https:\/\/bykitchen.com.tr\/?post_type=product&#038;p=16919"},"modified":"2025-07-23T11:05:14","modified_gmt":"2025-07-23T08:05:14","slug":"by-kitchen-pasta-dolabi-koseli","status":"publish","type":"product","link":"https:\/\/bykitchen.com.tr\/en\/product\/by-kitchen-pasta-dolabi-koseli\/","title":{"rendered":"By Kitchen Pasta Dolab\u0131 K\u00f6\u015feli"},"content":{"rendered":"","protected":false},"excerpt":{"rendered":"<p class=\"\" data-start=\"150\" data-end=\"502\">\u015e\u0131k tasar\u0131m\u0131 ve 350 litrelik geni\u015f i\u00e7 hacmiyle tatl\u0131 ve pasta sunumlar\u0131n\u0131zda fark yarat\u0131n!<br data-start=\"227\" data-end=\"230\" \/>0-8\u00b0C s\u0131cakl\u0131k aral\u0131\u011f\u0131yla \u00fcr\u00fcnlerinizi taze tutar, 650 W g\u00fcc\u00fcyle y\u00fcksek performans sunar.<br data-start=\"319\" data-end=\"322\" \/>\u00c7evre dostu R290 so\u011futucu gaz\u0131 ve 4. s\u0131n\u0131f iklim yap\u0131s\u0131yla yo\u011fun kullan\u0131ma uygundur.<br data-start=\"406\" data-end=\"409\" \/>K\u00f6\u015feli cam yap\u0131s\u0131 sayesinde \u00fcr\u00fcnleriniz her a\u00e7\u0131dan net ve dikkat \u00e7ekici \u015fekilde sergilenir.<\/p>\n<p class=\"\" data-start=\"504\" data-end=\"565\"><strong data-start=\"504\" data-end=\"565\">Kafeler, pastaneler ve restoranlar i\u00e7in ideal bir tercih!<br \/>\n<\/strong><\/p>\n<p data-start=\"504\" data-end=\"565\">1461*675*1210mm ebatlar\u0131nda<\/p>\n<p data-start=\"504\" data-end=\"565\"><a href=\"https:\/\/bykitchen.com.tr\/wp-content\/uploads\/2025\/05\/DPDK-BILGI-FORMU-1.pdf\">DPDK B\u0130LG\u0130 FORMU<\/a><\/p>\n<p><a href=\"https:\/\/bykitchen.com.tr\/wp-content\/uploads\/2025\/05\/DPDK-Enerji-Etiketi.pdf\">DPDK Enerji Etiketi<\/a><\/p>","protected":false},"featured_media":16940,"comment_status":"open","ping_status":"closed","template":"","meta":[],"product_brand":[],"product_cat":[109,110],"product_tag":[],"class_list":{"0":"post-16919","1":"product","2":"type-product","3":"status-publish","4":"has-post-thumbnail","6":"product_cat-teshir-uniteleri","7":"product_cat-imalat-dolaplari","9":"first","10":"instock","11":"shipping-taxable","12":"product-type-simple"},"_links":{"self":[{"href":"https:\/\/bykitchen.com.tr\/en\/wp-json\/wp\/v2\/product\/16919","targetHints":{"allow":["GET"]}}],"collection":[{"href":"https:\/\/bykitchen.com.tr\/en\/wp-json\/wp\/v2\/product"}],"about":[{"href":"https:\/\/bykitchen.com.tr\/en\/wp-json\/wp\/v2\/types\/product"}],"replies":[{"embeddable":true,"href":"https:\/\/bykitchen.com.tr\/en\/wp-json\/wp\/v2\/comments?post=16919"}],"version-history":[{"count":5,"href":"https:\/\/bykitchen.com.tr\/en\/wp-json\/wp\/v2\/product\/16919\/revisions"}],"predecessor-version":[{"id":17179,"href":"https:\/\/bykitchen.com.tr\/en\/wp-json\/wp\/v2\/product\/16919\/revisions\/17179"}],"wp:featuredmedia":[{"embeddable":true,"href":"https:\/\/bykitchen.com.tr\/en\/wp-json\/wp\/v2\/media\/16940"}],"wp:attachment":[{"href":"https:\/\/bykitchen.com.tr\/en\/wp-json\/wp\/v2\/media?parent=16919"}],"wp:term":[{"taxonomy":"product_brand","embeddable":true,"href":"https:\/\/bykitchen.com.tr\/en\/wp-json\/wp\/v2\/product_brand?post=16919"},{"taxonomy":"product_cat","embeddable":true,"href":"https:\/\/bykitchen.com.tr\/en\/wp-json\/wp\/v2\/product_cat?post=16919"},{"taxonomy":"product_tag","embeddable":true,"href":"https:\/\/bykitchen.com.tr\/en\/wp-json\/wp\/v2\/product_tag?post=16919"}],"curies":[{"name":"wp","href":"https:\/\/api.w.org\/{rel}","templated":true}]}}