{"id":16900,"date":"2025-05-09T13:38:53","date_gmt":"2025-05-09T10:38:53","guid":{"rendered":"https:\/\/bykitchen.com.tr\/?post_type=product&#038;p=16900"},"modified":"2025-07-23T10:49:40","modified_gmt":"2025-07-23T07:49:40","slug":"by-kitchen-pasta-dolabi-120-cm","status":"publish","type":"product","link":"https:\/\/bykitchen.com.tr\/en\/product\/by-kitchen-pasta-dolabi-120-cm\/","title":{"rendered":"By Kitchen Pasta Dolab\u0131 120 cm"},"content":{"rendered":"","protected":false},"excerpt":{"rendered":"<p data-start=\"53\" data-end=\"79\"><strong>By Kitchen Pasta Dolab\u0131 120 cm<\/strong><\/p>\n<p class=\"\" data-start=\"53\" data-end=\"79\"><strong data-start=\"53\" data-end=\"73\">Kapasite (Br\u00fct):<\/strong> 410<\/p>\n<p class=\"\" data-start=\"82\" data-end=\"102\"><strong data-start=\"82\" data-end=\"90\">G\u00fc\u00e7:<\/strong> 480 \/ 490<\/p>\n<p class=\"\" data-start=\"105\" data-end=\"137\"><strong data-start=\"105\" data-end=\"122\">So\u011futucu Gaz:<\/strong> R134a \/ R290<\/p>\n<p class=\"\" data-start=\"140\" data-end=\"161\"><strong data-start=\"140\" data-end=\"157\">\u0130klim S\u0131n\u0131f\u0131:<\/strong> 4<\/p>\n<p class=\"\" data-start=\"164\" data-end=\"200\"><strong data-start=\"164\" data-end=\"180\">\u00dcr\u00fcn \u00d6l\u00e7\u00fcs\u00fc:<\/strong> 1200 x 650 x 1300<\/p>\n<p data-start=\"164\" data-end=\"200\"><a href=\"https:\/\/bykitchen.com.tr\/wp-content\/uploads\/2025\/05\/DPD-120-BILGI-FORMU-1.pdf\">DPD-120 B\u0130LG\u0130 FORMU<\/a><\/p>\n<p><a href=\"https:\/\/bykitchen.com.tr\/wp-content\/uploads\/2025\/05\/DPD-120-Enerji-Etiketi.pdf\">DPD-120 Enerji Etiketi<\/a><\/p>","protected":false},"featured_media":16902,"comment_status":"open","ping_status":"closed","template":"","meta":[],"product_brand":[],"product_cat":[109,110],"product_tag":[],"class_list":{"0":"post-16900","1":"product","2":"type-product","3":"status-publish","4":"has-post-thumbnail","6":"product_cat-teshir-uniteleri","7":"product_cat-imalat-dolaplari","9":"first","10":"instock","11":"shipping-taxable","12":"product-type-simple"},"_links":{"self":[{"href":"https:\/\/bykitchen.com.tr\/en\/wp-json\/wp\/v2\/product\/16900","targetHints":{"allow":["GET"]}}],"collection":[{"href":"https:\/\/bykitchen.com.tr\/en\/wp-json\/wp\/v2\/product"}],"about":[{"href":"https:\/\/bykitchen.com.tr\/en\/wp-json\/wp\/v2\/types\/product"}],"replies":[{"embeddable":true,"href":"https:\/\/bykitchen.com.tr\/en\/wp-json\/wp\/v2\/comments?post=16900"}],"version-history":[{"count":5,"href":"https:\/\/bykitchen.com.tr\/en\/wp-json\/wp\/v2\/product\/16900\/revisions"}],"predecessor-version":[{"id":17172,"href":"https:\/\/bykitchen.com.tr\/en\/wp-json\/wp\/v2\/product\/16900\/revisions\/17172"}],"wp:featuredmedia":[{"embeddable":true,"href":"https:\/\/bykitchen.com.tr\/en\/wp-json\/wp\/v2\/media\/16902"}],"wp:attachment":[{"href":"https:\/\/bykitchen.com.tr\/en\/wp-json\/wp\/v2\/media?parent=16900"}],"wp:term":[{"taxonomy":"product_brand","embeddable":true,"href":"https:\/\/bykitchen.com.tr\/en\/wp-json\/wp\/v2\/product_brand?post=16900"},{"taxonomy":"product_cat","embeddable":true,"href":"https:\/\/bykitchen.com.tr\/en\/wp-json\/wp\/v2\/product_cat?post=16900"},{"taxonomy":"product_tag","embeddable":true,"href":"https:\/\/bykitchen.com.tr\/en\/wp-json\/wp\/v2\/product_tag?post=16900"}],"curies":[{"name":"wp","href":"https:\/\/api.w.org\/{rel}","templated":true}]}}