{"id":16893,"date":"2025-05-09T13:26:53","date_gmt":"2025-05-09T10:26:53","guid":{"rendered":"https:\/\/bykitchen.com.tr\/?post_type=product&#038;p=16893"},"modified":"2025-07-23T10:44:14","modified_gmt":"2025-07-23T07:44:14","slug":"by-kitchen-pasta-dolabi-90-cm","status":"publish","type":"product","link":"https:\/\/bykitchen.com.tr\/en\/product\/by-kitchen-pasta-dolabi-90-cm\/","title":{"rendered":"By Kitchen Pasta Dolab\u0131 90 Cm"},"content":{"rendered":"","protected":false},"excerpt":{"rendered":"<p><strong>By Kitchen Pasta Dolab\u0131 90 cm<\/strong><\/p>\n<p>Br\u00fct kapasite: 300Litre<\/p>\n<p>G\u00fc\u00e7: 475\/480<\/p>\n<p>So\u011futucu Gaz: R134A\/R290<\/p>\n<p>\u00dcr\u00fcn \u00d6l\u00e7\u00fcs\u00fc : 900 X 650 X 1300 mm<\/p>\n<p><a href=\"https:\/\/bykitchen.com.tr\/wp-content\/uploads\/2025\/05\/DPD-90-BILGI-FORMU-1.pdf\">DPD-90 B\u0130LG\u0130 FORMU<\/a><\/p>\n<p><a href=\"https:\/\/bykitchen.com.tr\/wp-content\/uploads\/2025\/05\/DPD-90.pdf.pdf\">DPD-90.pdf<\/a><\/p>","protected":false},"featured_media":16896,"comment_status":"open","ping_status":"closed","template":"","meta":[],"product_brand":[],"product_cat":[109,110],"product_tag":[],"class_list":{"0":"post-16893","1":"product","2":"type-product","3":"status-publish","4":"has-post-thumbnail","6":"product_cat-teshir-uniteleri","7":"product_cat-imalat-dolaplari","9":"first","10":"instock","11":"shipping-taxable","12":"product-type-simple"},"_links":{"self":[{"href":"https:\/\/bykitchen.com.tr\/en\/wp-json\/wp\/v2\/product\/16893","targetHints":{"allow":["GET"]}}],"collection":[{"href":"https:\/\/bykitchen.com.tr\/en\/wp-json\/wp\/v2\/product"}],"about":[{"href":"https:\/\/bykitchen.com.tr\/en\/wp-json\/wp\/v2\/types\/product"}],"replies":[{"embeddable":true,"href":"https:\/\/bykitchen.com.tr\/en\/wp-json\/wp\/v2\/comments?post=16893"}],"version-history":[{"count":5,"href":"https:\/\/bykitchen.com.tr\/en\/wp-json\/wp\/v2\/product\/16893\/revisions"}],"predecessor-version":[{"id":17169,"href":"https:\/\/bykitchen.com.tr\/en\/wp-json\/wp\/v2\/product\/16893\/revisions\/17169"}],"wp:featuredmedia":[{"embeddable":true,"href":"https:\/\/bykitchen.com.tr\/en\/wp-json\/wp\/v2\/media\/16896"}],"wp:attachment":[{"href":"https:\/\/bykitchen.com.tr\/en\/wp-json\/wp\/v2\/media?parent=16893"}],"wp:term":[{"taxonomy":"product_brand","embeddable":true,"href":"https:\/\/bykitchen.com.tr\/en\/wp-json\/wp\/v2\/product_brand?post=16893"},{"taxonomy":"product_cat","embeddable":true,"href":"https:\/\/bykitchen.com.tr\/en\/wp-json\/wp\/v2\/product_cat?post=16893"},{"taxonomy":"product_tag","embeddable":true,"href":"https:\/\/bykitchen.com.tr\/en\/wp-json\/wp\/v2\/product_tag?post=16893"}],"curies":[{"name":"wp","href":"https:\/\/api.w.org\/{rel}","templated":true}]}}