{"id":16867,"date":"2025-04-22T09:39:08","date_gmt":"2025-04-22T06:39:08","guid":{"rendered":"https:\/\/bykitchen.com.tr\/?post_type=product&#038;p=16867"},"modified":"2025-10-04T09:13:22","modified_gmt":"2025-10-04T06:13:22","slug":"by-kitchen-dikey-pasta-dolabi-dst-260","status":"publish","type":"product","link":"https:\/\/bykitchen.com.tr\/en\/product\/by-kitchen-dikey-pasta-dolabi-dst-260\/","title":{"rendered":"By Kitchen Dikey Pasta Dolab\u0131 DST-260"},"content":{"rendered":"","protected":false},"excerpt":{"rendered":"<p data-start=\"105\" data-end=\"128\"><strong>By Kitchen Dikey Pasta Dolab\u0131 DST-260<\/strong><\/p>\n<p class=\"\" data-start=\"105\" data-end=\"128\"><strong data-start=\"105\" data-end=\"123\">Br\u00fct Kapasite:<\/strong> 260L<\/p>\n<p class=\"\" data-start=\"130\" data-end=\"169\"><strong data-start=\"130\" data-end=\"151\">S\u0131cakl\u0131k Aral\u0131\u011f\u0131:<\/strong> 0-12\u2103 (32-53.6 \u2109)<\/p>\n<p class=\"\" data-start=\"171\" data-end=\"199\"><strong data-start=\"171\" data-end=\"194\">Nominal Giri\u015f G\u00fcc\u00fc:<\/strong> 500W<\/p>\n<p class=\"\" data-start=\"201\" data-end=\"223\"><strong data-start=\"201\" data-end=\"218\">So\u011futucu Gaz:<\/strong> R290<\/p>\n<p class=\"\" data-start=\"225\" data-end=\"244\"><strong data-start=\"225\" data-end=\"242\">\u0130klim S\u0131n\u0131f\u0131:<\/strong> 4<\/p>\n<p class=\"\" data-start=\"246\" data-end=\"280\"><strong data-start=\"246\" data-end=\"262\">Net A\u011f\u0131rl\u0131k:<\/strong> 118kg (260.1 lbs)<\/p>\n<p class=\"\" data-start=\"282\" data-end=\"317\"><strong data-start=\"282\" data-end=\"299\">Br\u00fct A\u011f\u0131rl\u0131k:<\/strong> 139kg (306.4 lbs)<\/p>\n<p class=\"\" data-start=\"319\" data-end=\"409\"><strong data-start=\"319\" data-end=\"338\">\u00dcr\u00fcn Boyutlar\u0131:<\/strong> 515 \u00d7 785 \u00d7 1470 mm<\/p>\n<p class=\"\" data-start=\"411\" data-end=\"507\"><strong data-start=\"411\" data-end=\"433\">Ambalaj Boyutlar\u0131:<\/strong> 600 \u00d7 885 \u00d7 1595 mm<\/p>\n<p class=\"\" data-start=\"643\" data-end=\"666\"><strong data-start=\"643\" data-end=\"666\">Standart \u00d6zellikler<\/strong><\/p>\n<ul data-start=\"668\" data-end=\"852\">\n<li class=\"\" data-start=\"668\" data-end=\"707\">\n<p class=\"\" data-start=\"670\" data-end=\"707\">Dijital s\u0131cakl\u0131k kontrol\u00fc ve ekran\u0131<\/p>\n<\/li>\n<li class=\"\" data-start=\"708\" data-end=\"739\">\n<p class=\"\" data-start=\"710\" data-end=\"739\">Her raf i\u00e7in LED ayd\u0131nlatma<\/p>\n<\/li>\n<li class=\"\" data-start=\"740\" data-end=\"761\">\n<p class=\"\" data-start=\"742\" data-end=\"761\">4 taraf\u0131 \u00e7ift cam<\/p>\n<\/li>\n<li class=\"\" data-start=\"762\" data-end=\"787\">\n<p class=\"\" data-start=\"764\" data-end=\"787\">Fanl\u0131 so\u011futma sistemi<\/p>\n<\/li>\n<li class=\"\" data-start=\"788\" data-end=\"820\">\n<p class=\"\" data-start=\"790\" data-end=\"820\">Otomatik defrost (buz \u00e7\u00f6zme)<\/p>\n<\/li>\n<li class=\"\" data-start=\"821\" data-end=\"848\">\n<p class=\"\" data-start=\"823\" data-end=\"848\">Geri \u00e7ekilebilir raflar<\/p>\n<\/li>\n<\/ul>\n<p><a href=\"https:\/\/bykitchen.com.tr\/wp-content\/uploads\/2025\/04\/DST-260-ENERGY-LABEL.pdf\">DST &#8211; 260 ENERGY LABEL<\/a><\/p>\n<p><a href=\"https:\/\/bykitchen.com.tr\/wp-content\/uploads\/2025\/04\/DST-260-Urun-bilgi-formu.pdf\">DST &#8211; 260 \u00dcr\u00fcn bilgi formu<\/a><\/p>","protected":false},"featured_media":16868,"comment_status":"open","ping_status":"closed","template":"","meta":[],"product_brand":[],"product_cat":[111],"product_tag":[],"class_list":{"0":"post-16867","1":"product","2":"type-product","3":"status-publish","4":"has-post-thumbnail","6":"product_cat-soguk-teshir-uniteleri","8":"first","9":"instock","10":"shipping-taxable","11":"product-type-simple"},"_links":{"self":[{"href":"https:\/\/bykitchen.com.tr\/en\/wp-json\/wp\/v2\/product\/16867","targetHints":{"allow":["GET"]}}],"collection":[{"href":"https:\/\/bykitchen.com.tr\/en\/wp-json\/wp\/v2\/product"}],"about":[{"href":"https:\/\/bykitchen.com.tr\/en\/wp-json\/wp\/v2\/types\/product"}],"replies":[{"embeddable":true,"href":"https:\/\/bykitchen.com.tr\/en\/wp-json\/wp\/v2\/comments?post=16867"}],"version-history":[{"count":4,"href":"https:\/\/bykitchen.com.tr\/en\/wp-json\/wp\/v2\/product\/16867\/revisions"}],"predecessor-version":[{"id":16938,"href":"https:\/\/bykitchen.com.tr\/en\/wp-json\/wp\/v2\/product\/16867\/revisions\/16938"}],"wp:featuredmedia":[{"embeddable":true,"href":"https:\/\/bykitchen.com.tr\/en\/wp-json\/wp\/v2\/media\/16868"}],"wp:attachment":[{"href":"https:\/\/bykitchen.com.tr\/en\/wp-json\/wp\/v2\/media?parent=16867"}],"wp:term":[{"taxonomy":"product_brand","embeddable":true,"href":"https:\/\/bykitchen.com.tr\/en\/wp-json\/wp\/v2\/product_brand?post=16867"},{"taxonomy":"product_cat","embeddable":true,"href":"https:\/\/bykitchen.com.tr\/en\/wp-json\/wp\/v2\/product_cat?post=16867"},{"taxonomy":"product_tag","embeddable":true,"href":"https:\/\/bykitchen.com.tr\/en\/wp-json\/wp\/v2\/product_tag?post=16867"}],"curies":[{"name":"wp","href":"https:\/\/api.w.org\/{rel}","templated":true}]}}