{"id":16849,"date":"2025-03-28T10:04:02","date_gmt":"2025-03-28T07:04:02","guid":{"rendered":"https:\/\/bykitchen.com.tr\/?post_type=product&#038;p=16849"},"modified":"2025-10-04T09:15:23","modified_gmt":"2025-10-04T06:15:23","slug":"by-kitchen-soguk-teshir-dolabi-dst-10","status":"publish","type":"product","link":"https:\/\/bykitchen.com.tr\/en\/product\/by-kitchen-soguk-teshir-dolabi-dst-10\/","title":{"rendered":"By Kitchen Set \u00dcst\u00fc \u015ei\u015fe So\u011futma DST-10"},"content":{"rendered":"","protected":false},"excerpt":{"rendered":"<p class=\"\" data-start=\"22\" data-end=\"44\"><strong data-start=\"22\" data-end=\"39\">Kapasite (L):<\/strong> 40<\/p>\n<p class=\"\" data-start=\"46\" data-end=\"79\"><strong data-start=\"46\" data-end=\"72\">S\u0131cakl\u0131k Aral\u0131\u011f\u0131 (\u00b0C):<\/strong> 2-12<\/p>\n<p class=\"\" data-start=\"81\" data-end=\"111\"><strong data-start=\"81\" data-end=\"101\">Nominal G\u00fc\u00e7 (W):<\/strong> 110\/105<\/p>\n<p class=\"\" data-start=\"113\" data-end=\"144\"><strong data-start=\"113\" data-end=\"130\">So\u011futucu Gaz:<\/strong> R134a\/R600a<\/p>\n<p class=\"\" data-start=\"146\" data-end=\"167\"><strong data-start=\"146\" data-end=\"163\">\u0130klim S\u0131n\u0131f\u0131:<\/strong> 4<\/p>\n<p class=\"\" data-start=\"169\" data-end=\"195\"><strong data-start=\"169\" data-end=\"190\">Net A\u011f\u0131rl\u0131k (kg):<\/strong> 25<\/p>\n<p class=\"\" data-start=\"197\" data-end=\"224\"><strong data-start=\"197\" data-end=\"219\">Br\u00fct A\u011f\u0131rl\u0131k (kg):<\/strong> 27<\/p>\n<p class=\"\" data-start=\"226\" data-end=\"264\"><strong data-start=\"226\" data-end=\"250\">\u00dcr\u00fcn Boyutlar\u0131 (mm):<\/strong> 680\u00d7575\u00d7335<br \/>\n<strong data-start=\"291\" data-end=\"312\"><br \/>\nKarton Kutu (mm):<\/strong> 730\u00d7650\u00d7400<\/p>\n<p data-start=\"226\" data-end=\"264\"><a href=\"https:\/\/bykitchen.com.tr\/wp-content\/uploads\/2025\/03\/DST-10-URUN-BILGI-FORMU.pdf\">DST-10 \u00dcR\u00dcN B\u0130LG\u0130 FORMU<\/a><br \/>\n<a href=\"https:\/\/bykitchen.com.tr\/wp-content\/uploads\/2025\/03\/DST-10-ENERGY-LABEL.pdf\">DST-10 ENERGY LABEL<\/a><\/p>","protected":false},"featured_media":16851,"comment_status":"open","ping_status":"closed","template":"","meta":[],"product_brand":[],"product_cat":[111],"product_tag":[],"class_list":{"0":"post-16849","1":"product","2":"type-product","3":"status-publish","4":"has-post-thumbnail","6":"product_cat-soguk-teshir-uniteleri","8":"first","9":"instock","10":"shipping-taxable","11":"product-type-simple"},"_links":{"self":[{"href":"https:\/\/bykitchen.com.tr\/en\/wp-json\/wp\/v2\/product\/16849","targetHints":{"allow":["GET"]}}],"collection":[{"href":"https:\/\/bykitchen.com.tr\/en\/wp-json\/wp\/v2\/product"}],"about":[{"href":"https:\/\/bykitchen.com.tr\/en\/wp-json\/wp\/v2\/types\/product"}],"replies":[{"embeddable":true,"href":"https:\/\/bykitchen.com.tr\/en\/wp-json\/wp\/v2\/comments?post=16849"}],"version-history":[{"count":4,"href":"https:\/\/bykitchen.com.tr\/en\/wp-json\/wp\/v2\/product\/16849\/revisions"}],"predecessor-version":[{"id":17196,"href":"https:\/\/bykitchen.com.tr\/en\/wp-json\/wp\/v2\/product\/16849\/revisions\/17196"}],"wp:featuredmedia":[{"embeddable":true,"href":"https:\/\/bykitchen.com.tr\/en\/wp-json\/wp\/v2\/media\/16851"}],"wp:attachment":[{"href":"https:\/\/bykitchen.com.tr\/en\/wp-json\/wp\/v2\/media?parent=16849"}],"wp:term":[{"taxonomy":"product_brand","embeddable":true,"href":"https:\/\/bykitchen.com.tr\/en\/wp-json\/wp\/v2\/product_brand?post=16849"},{"taxonomy":"product_cat","embeddable":true,"href":"https:\/\/bykitchen.com.tr\/en\/wp-json\/wp\/v2\/product_cat?post=16849"},{"taxonomy":"product_tag","embeddable":true,"href":"https:\/\/bykitchen.com.tr\/en\/wp-json\/wp\/v2\/product_tag?post=16849"}],"curies":[{"name":"wp","href":"https:\/\/api.w.org\/{rel}","templated":true}]}}