{"id":16824,"date":"2025-03-27T14:17:49","date_gmt":"2025-03-27T11:17:49","guid":{"rendered":"https:\/\/bykitchen.com.tr\/?post_type=product&#038;p=16824"},"modified":"2025-10-04T09:17:35","modified_gmt":"2025-10-04T06:17:35","slug":"by-kitchen-soguk-teshir-dolabi-dst180l","status":"publish","type":"product","link":"https:\/\/bykitchen.com.tr\/en\/product\/by-kitchen-soguk-teshir-dolabi-dst180l\/","title":{"rendered":"By Kitchen So\u011fuk Te\u015fhir Dolab\u0131 DST-180L"},"content":{"rendered":"","protected":false},"excerpt":{"rendered":"<p>Kapasite &#8211; Br\u00fct (L): 180<br \/>\nS\u0131cakl\u0131k aral\u0131\u011f\u0131 (\u00b0C): 0-12<br \/>\nNominal Giri\u015f G\u00fcc\u00fc (W): 500<br \/>\nSo\u011futucu Gaz: R290<br \/>\nS\u0131n\u0131f: 4<br \/>\n\u00d6l\u00e7\u00fcler (\u0130\u00e7 \/ D\u0131\u015f) (mm): 515x535x1470 \/ 600x635x1595<\/p>\n<p><a href=\"https:\/\/bykitchen.com.tr\/wp-content\/uploads\/2025\/03\/DST-180-L-URUN-BILGI-FORMU.pdf\">DST-180 L \u00dcR\u00dcN B\u0130LG\u0130 FORMU<\/a><br \/>\n<a href=\"https:\/\/bykitchen.com.tr\/wp-content\/uploads\/2025\/03\/DST-180-L-ENERGY-LABEL.pdf\">DST-180 L ENERGY LABEL<\/a><\/p>","protected":false},"featured_media":16825,"comment_status":"open","ping_status":"closed","template":"","meta":[],"product_brand":[],"product_cat":[111],"product_tag":[],"class_list":{"0":"post-16824","1":"product","2":"type-product","3":"status-publish","4":"has-post-thumbnail","6":"product_cat-soguk-teshir-uniteleri","8":"first","9":"instock","10":"shipping-taxable","11":"product-type-simple"},"_links":{"self":[{"href":"https:\/\/bykitchen.com.tr\/en\/wp-json\/wp\/v2\/product\/16824","targetHints":{"allow":["GET"]}}],"collection":[{"href":"https:\/\/bykitchen.com.tr\/en\/wp-json\/wp\/v2\/product"}],"about":[{"href":"https:\/\/bykitchen.com.tr\/en\/wp-json\/wp\/v2\/types\/product"}],"replies":[{"embeddable":true,"href":"https:\/\/bykitchen.com.tr\/en\/wp-json\/wp\/v2\/comments?post=16824"}],"version-history":[{"count":4,"href":"https:\/\/bykitchen.com.tr\/en\/wp-json\/wp\/v2\/product\/16824\/revisions"}],"predecessor-version":[{"id":17197,"href":"https:\/\/bykitchen.com.tr\/en\/wp-json\/wp\/v2\/product\/16824\/revisions\/17197"}],"wp:featuredmedia":[{"embeddable":true,"href":"https:\/\/bykitchen.com.tr\/en\/wp-json\/wp\/v2\/media\/16825"}],"wp:attachment":[{"href":"https:\/\/bykitchen.com.tr\/en\/wp-json\/wp\/v2\/media?parent=16824"}],"wp:term":[{"taxonomy":"product_brand","embeddable":true,"href":"https:\/\/bykitchen.com.tr\/en\/wp-json\/wp\/v2\/product_brand?post=16824"},{"taxonomy":"product_cat","embeddable":true,"href":"https:\/\/bykitchen.com.tr\/en\/wp-json\/wp\/v2\/product_cat?post=16824"},{"taxonomy":"product_tag","embeddable":true,"href":"https:\/\/bykitchen.com.tr\/en\/wp-json\/wp\/v2\/product_tag?post=16824"}],"curies":[{"name":"wp","href":"https:\/\/api.w.org\/{rel}","templated":true}]}}