{"id":16815,"date":"2025-02-12T14:26:02","date_gmt":"2025-02-12T11:26:02","guid":{"rendered":"https:\/\/bykitchen.com.tr\/?post_type=product&#038;p=16815"},"modified":"2025-10-04T09:18:57","modified_gmt":"2025-10-04T06:18:57","slug":"by-kitchen-set-ustu-salata-hazirlik-dolabi-dss-67-1","status":"publish","type":"product","link":"https:\/\/bykitchen.com.tr\/en\/product\/by-kitchen-set-ustu-salata-hazirlik-dolabi-dss-67-1\/","title":{"rendered":"By Kitchen Set \u00dcst\u00fc Haz\u0131rl\u0131k Dolab\u0131 DSS-67-1"},"content":{"rendered":"","protected":false},"excerpt":{"rendered":"<p>Bombe temperli cam kapak<\/p>\n<p>Otomatik buz \u00e7\u00f6zme \u00f6zelli\u011fi<\/p>\n<p>Statik so\u011futma<\/p>\n<p>Dijital s\u0131cakl\u0131k kontrol\u00fc<\/p>\n<p>Ayarlanabilir ayaklar<\/p>\n<p>R134A so\u011futucu gaz<\/p>\n<p>\u00c7al\u0131\u015fma aral\u0131\u011f\u0131 0\u00b0C &#8211; 12\u00b0C<\/p>\n<p>\u00d6l\u00e7\u00fcleri 1035*477*328mm<\/p>\n<p>Kg: 25<\/p>\n<p>Voltaj: 0,11 kW &#8211; 220V\/50Hz<\/p>\n<p><a href=\"https:\/\/bykitchen.com.tr\/wp-content\/uploads\/2025\/02\/DSS-67-1.pdf\">\u00dcr\u00fcn Bilgi Formu<\/a><br \/>\n<a href=\"https:\/\/bykitchen.com.tr\/wp-content\/uploads\/2025\/02\/Adsiz-tasarim-1-1.pdf\">enerji etiketi<\/a><\/p>","protected":false},"featured_media":16816,"comment_status":"open","ping_status":"closed","template":"","meta":[],"product_brand":[],"product_cat":[109],"product_tag":[],"class_list":{"0":"post-16815","1":"product","2":"type-product","3":"status-publish","4":"has-post-thumbnail","6":"product_cat-teshir-uniteleri","8":"first","9":"instock","10":"shipping-taxable","11":"product-type-simple"},"_links":{"self":[{"href":"https:\/\/bykitchen.com.tr\/en\/wp-json\/wp\/v2\/product\/16815","targetHints":{"allow":["GET"]}}],"collection":[{"href":"https:\/\/bykitchen.com.tr\/en\/wp-json\/wp\/v2\/product"}],"about":[{"href":"https:\/\/bykitchen.com.tr\/en\/wp-json\/wp\/v2\/types\/product"}],"replies":[{"embeddable":true,"href":"https:\/\/bykitchen.com.tr\/en\/wp-json\/wp\/v2\/comments?post=16815"}],"version-history":[{"count":3,"href":"https:\/\/bykitchen.com.tr\/en\/wp-json\/wp\/v2\/product\/16815\/revisions"}],"predecessor-version":[{"id":17198,"href":"https:\/\/bykitchen.com.tr\/en\/wp-json\/wp\/v2\/product\/16815\/revisions\/17198"}],"wp:featuredmedia":[{"embeddable":true,"href":"https:\/\/bykitchen.com.tr\/en\/wp-json\/wp\/v2\/media\/16816"}],"wp:attachment":[{"href":"https:\/\/bykitchen.com.tr\/en\/wp-json\/wp\/v2\/media?parent=16815"}],"wp:term":[{"taxonomy":"product_brand","embeddable":true,"href":"https:\/\/bykitchen.com.tr\/en\/wp-json\/wp\/v2\/product_brand?post=16815"},{"taxonomy":"product_cat","embeddable":true,"href":"https:\/\/bykitchen.com.tr\/en\/wp-json\/wp\/v2\/product_cat?post=16815"},{"taxonomy":"product_tag","embeddable":true,"href":"https:\/\/bykitchen.com.tr\/en\/wp-json\/wp\/v2\/product_tag?post=16815"}],"curies":[{"name":"wp","href":"https:\/\/api.w.org\/{rel}","templated":true}]}}