{"id":16740,"date":"2024-09-04T17:21:49","date_gmt":"2024-09-04T14:21:49","guid":{"rendered":"https:\/\/bykitchen.com.tr\/?post_type=product&#038;p=16740"},"modified":"2025-10-04T09:22:10","modified_gmt":"2025-10-04T06:22:10","slug":"by-kitchen-pasta-dolabi-dpd-915","status":"publish","type":"product","link":"https:\/\/bykitchen.com.tr\/en\/product\/by-kitchen-pasta-dolabi-dpd-915\/","title":{"rendered":"By Kitchen Pasta Dolab\u0131 DPD-915"},"content":{"rendered":"","protected":false},"excerpt":{"rendered":"<p><strong>Genel \u00d6zellikler:<\/strong><\/p>\n<ul>\n<li>Her rafta ve altta parlak dahili LED ayd\u0131nlatma<\/li>\n<li>2 adet ayarlanabilir cam raf<\/li>\n<li>Dijital s\u0131cakl\u0131k kontrol\u00fc ve ekran\u0131<\/li>\n<li>\u00c7ift \u200b\u200btemperli cam<\/li>\n<li>2 frenli 4 tekerlek<\/li>\n<li>Havaland\u0131rmal\u0131 so\u011futma sistemi<\/li>\n<li>Otomatik buz \u00e7\u00f6zme<\/li>\n<\/ul>\n<p><strong>Teknik \u00d6zellikler:<\/strong><\/p>\n<ul>\n<li>Br\u00fct kapasite 300L<\/li>\n<li>S\u0131cakl\u0131k Aral\u0131\u011f\u0131 2 \u2013 8\u00b0C<\/li>\n<li>Nominal Giri\u015f G\u00fcc\u00fc 480W<\/li>\n<li>So\u011futucu R290A<\/li>\n<li>Boyut:915*675*1210 mm<\/li>\n<li>Paket Boyutu 1025*765*1280mm<\/li>\n<li>Renk Siyah<\/li>\n<li><a href=\"https:\/\/bykitchen.com.tr\/wp-content\/uploads\/2024\/09\/DPD-915-urun-bilgileri.pdf\">DPD &#8211; 915 \u00fcr\u00fcn bilgileri<\/a><\/li>\n<li><a href=\"https:\/\/bykitchen.com.tr\/wp-content\/uploads\/2024\/09\/DPD-915-ceviri2.pdf.pdf\">DPD-915 \u00e7eviri2.pdf<\/a><\/li>\n<\/ul>","protected":false},"featured_media":16741,"comment_status":"open","ping_status":"closed","template":"","meta":[],"product_brand":[],"product_cat":[109,111],"product_tag":[],"class_list":{"0":"post-16740","1":"product","2":"type-product","3":"status-publish","4":"has-post-thumbnail","6":"product_cat-teshir-uniteleri","7":"product_cat-soguk-teshir-uniteleri","9":"first","10":"instock","11":"shipping-taxable","12":"product-type-simple"},"_links":{"self":[{"href":"https:\/\/bykitchen.com.tr\/en\/wp-json\/wp\/v2\/product\/16740","targetHints":{"allow":["GET"]}}],"collection":[{"href":"https:\/\/bykitchen.com.tr\/en\/wp-json\/wp\/v2\/product"}],"about":[{"href":"https:\/\/bykitchen.com.tr\/en\/wp-json\/wp\/v2\/types\/product"}],"replies":[{"embeddable":true,"href":"https:\/\/bykitchen.com.tr\/en\/wp-json\/wp\/v2\/comments?post=16740"}],"version-history":[{"count":1,"href":"https:\/\/bykitchen.com.tr\/en\/wp-json\/wp\/v2\/product\/16740\/revisions"}],"predecessor-version":[{"id":16744,"href":"https:\/\/bykitchen.com.tr\/en\/wp-json\/wp\/v2\/product\/16740\/revisions\/16744"}],"wp:featuredmedia":[{"embeddable":true,"href":"https:\/\/bykitchen.com.tr\/en\/wp-json\/wp\/v2\/media\/16741"}],"wp:attachment":[{"href":"https:\/\/bykitchen.com.tr\/en\/wp-json\/wp\/v2\/media?parent=16740"}],"wp:term":[{"taxonomy":"product_brand","embeddable":true,"href":"https:\/\/bykitchen.com.tr\/en\/wp-json\/wp\/v2\/product_brand?post=16740"},{"taxonomy":"product_cat","embeddable":true,"href":"https:\/\/bykitchen.com.tr\/en\/wp-json\/wp\/v2\/product_cat?post=16740"},{"taxonomy":"product_tag","embeddable":true,"href":"https:\/\/bykitchen.com.tr\/en\/wp-json\/wp\/v2\/product_tag?post=16740"}],"curies":[{"name":"wp","href":"https:\/\/api.w.org\/{rel}","templated":true}]}}