{"id":16735,"date":"2024-09-04T16:49:48","date_gmt":"2024-09-04T13:49:48","guid":{"rendered":"https:\/\/bykitchen.com.tr\/?post_type=product&#038;p=16735"},"modified":"2025-10-04T09:24:04","modified_gmt":"2025-10-04T06:24:04","slug":"by-kitchen-soguk-teshir-unitesi-dts-104l","status":"publish","type":"product","link":"https:\/\/bykitchen.com.tr\/en\/product\/by-kitchen-soguk-teshir-unitesi-dts-104l\/","title":{"rendered":"By Kitchen So\u011fuk Te\u015fhir Stand\u0131 DTS-104L"},"content":{"rendered":"","protected":false},"excerpt":{"rendered":"<p><strong>Genel \u00d6zellikleri:<\/strong><\/p>\n<ul>\n<li>\u00dcstte Parlak Dahili LED ayd\u0131nlatma<\/li>\n<li>Dijital s\u0131cakl\u0131k kontrol cihaz\u0131 ve ekran<\/li>\n<li>\u00d6n D\u00fcz cam<\/li>\n<li>S\u00fcrg\u00fcl\u00fc kap\u0131lar<\/li>\n<li>Do\u011frudan so\u011futma sistemi<\/li>\n<li>GN tava sipari\u015f edilebilir<\/li>\n<\/ul>\n<p><strong>Teknik \u00d6zellikler:<\/strong><\/p>\n<ul>\n<li>Br\u00fct kapasite 104L<\/li>\n<li>5*1\/2 GN Plate<\/li>\n<li>S\u0131cakl\u0131k Aral\u0131\u011f\u0131 0 \u2013 12\u00b0C<\/li>\n<li>Nominal Giri\u015f G\u00fcc\u00fc 160W<\/li>\n<li>So\u011futucu R600A<\/li>\n<li>Boyut:1754*395*375 mm<\/li>\n<li>Paket Boyutu 1810*465*430<\/li>\n<li>Renk Siyah<\/li>\n<li><a href=\"https:\/\/bykitchen.com.tr\/wp-content\/uploads\/2024\/09\/DTS-104-L-URUN-BILGILERI.pdf\">DTS-104 L \u00dcR\u00dcN B\u0130LG\u0130LER\u0130<\/a><\/li>\n<li><a href=\"https:\/\/bykitchen.com.tr\/wp-content\/uploads\/2024\/09\/DST-64-84104ceviri8-2.pdf-2.pdf\">DST-104 KULLANIM KILAVUZU<\/a><\/li>\n<\/ul>","protected":false},"featured_media":16736,"comment_status":"open","ping_status":"closed","template":"","meta":[],"product_brand":[],"product_cat":[109,111],"product_tag":[],"class_list":{"0":"post-16735","1":"product","2":"type-product","3":"status-publish","4":"has-post-thumbnail","6":"product_cat-teshir-uniteleri","7":"product_cat-soguk-teshir-uniteleri","9":"first","10":"instock","11":"shipping-taxable","12":"product-type-simple"},"_links":{"self":[{"href":"https:\/\/bykitchen.com.tr\/en\/wp-json\/wp\/v2\/product\/16735","targetHints":{"allow":["GET"]}}],"collection":[{"href":"https:\/\/bykitchen.com.tr\/en\/wp-json\/wp\/v2\/product"}],"about":[{"href":"https:\/\/bykitchen.com.tr\/en\/wp-json\/wp\/v2\/types\/product"}],"replies":[{"embeddable":true,"href":"https:\/\/bykitchen.com.tr\/en\/wp-json\/wp\/v2\/comments?post=16735"}],"version-history":[{"count":2,"href":"https:\/\/bykitchen.com.tr\/en\/wp-json\/wp\/v2\/product\/16735\/revisions"}],"predecessor-version":[{"id":16746,"href":"https:\/\/bykitchen.com.tr\/en\/wp-json\/wp\/v2\/product\/16735\/revisions\/16746"}],"wp:featuredmedia":[{"embeddable":true,"href":"https:\/\/bykitchen.com.tr\/en\/wp-json\/wp\/v2\/media\/16736"}],"wp:attachment":[{"href":"https:\/\/bykitchen.com.tr\/en\/wp-json\/wp\/v2\/media?parent=16735"}],"wp:term":[{"taxonomy":"product_brand","embeddable":true,"href":"https:\/\/bykitchen.com.tr\/en\/wp-json\/wp\/v2\/product_brand?post=16735"},{"taxonomy":"product_cat","embeddable":true,"href":"https:\/\/bykitchen.com.tr\/en\/wp-json\/wp\/v2\/product_cat?post=16735"},{"taxonomy":"product_tag","embeddable":true,"href":"https:\/\/bykitchen.com.tr\/en\/wp-json\/wp\/v2\/product_tag?post=16735"}],"curies":[{"name":"wp","href":"https:\/\/api.w.org\/{rel}","templated":true}]}}