{"id":16702,"date":"2024-09-04T14:36:15","date_gmt":"2024-09-04T11:36:15","guid":{"rendered":"https:\/\/bykitchen.com.tr\/?post_type=product&#038;p=16702"},"modified":"2025-10-04T09:27:27","modified_gmt":"2025-10-04T06:27:27","slug":"by-kitchen-soguk-teshir-dolabi-dst-08","status":"publish","type":"product","link":"https:\/\/bykitchen.com.tr\/en\/product\/by-kitchen-soguk-teshir-dolabi-dst-08\/","title":{"rendered":"By Kitchen So\u011fuk Te\u015fhir Dolab\u0131 DST-08"},"content":{"rendered":"","protected":false},"excerpt":{"rendered":"<p><strong>Genel \u00d6zellikler:<\/strong><\/p>\n<ul>\n<li>Dijital s\u0131cakl\u0131k kontrol cihaz\u0131 ve ekran<\/li>\n<li>Otomatik buz \u00e7\u00f6zme<\/li>\n<li>Do\u011frudan so\u011futma sistemi<\/li>\n<li>Stainless steel<\/li>\n<li>Katlan\u0131r komple cam koni<\/li>\n<li>A\u00e7ma\/kapama d\u00fc\u011fmesi<\/li>\n<li>Ayarlanabilir ayaklar<\/li>\n<\/ul>\n<p><strong>Teknik \u00d6zellikler:<\/strong><\/p>\n<ul>\n<li>Br\u00fct kapasite 118L<\/li>\n<li>S\u0131cakl\u0131k Aral\u0131\u011f\u0131 2 \u2013 12\u00b0C<\/li>\n<li>Nominal Giri\u015f G\u00fcc\u00fc 110W<\/li>\n<li>So\u011futucu R600A<\/li>\n<li>Boyut:695*882*417 mm<\/li>\n<li>Paket Boyutu 775*955*490mm<\/li>\n<li>Renk Siyah<\/li>\n<li><a href=\"https:\/\/bykitchen.com.tr\/wp-content\/uploads\/2024\/09\/DST-08-BILGI-FORMU.pdf\">DST-08 B\u0130LG\u0130 FORMU<\/a><\/li>\n<li><a href=\"https:\/\/bykitchen.com.tr\/wp-content\/uploads\/2024\/09\/DST08-DST09-ceviri3.pdf1_.pdf\">DST08 KULLANIM KILAVUZU.pdf(1)<\/a><\/li>\n<\/ul>","protected":false},"featured_media":16703,"comment_status":"open","ping_status":"closed","template":"","meta":[],"product_brand":[],"product_cat":[109,111],"product_tag":[],"class_list":{"0":"post-16702","1":"product","2":"type-product","3":"status-publish","4":"has-post-thumbnail","6":"product_cat-teshir-uniteleri","7":"product_cat-soguk-teshir-uniteleri","9":"first","10":"instock","11":"shipping-taxable","12":"product-type-simple"},"_links":{"self":[{"href":"https:\/\/bykitchen.com.tr\/en\/wp-json\/wp\/v2\/product\/16702","targetHints":{"allow":["GET"]}}],"collection":[{"href":"https:\/\/bykitchen.com.tr\/en\/wp-json\/wp\/v2\/product"}],"about":[{"href":"https:\/\/bykitchen.com.tr\/en\/wp-json\/wp\/v2\/types\/product"}],"replies":[{"embeddable":true,"href":"https:\/\/bykitchen.com.tr\/en\/wp-json\/wp\/v2\/comments?post=16702"}],"version-history":[{"count":1,"href":"https:\/\/bykitchen.com.tr\/en\/wp-json\/wp\/v2\/product\/16702\/revisions"}],"predecessor-version":[{"id":16706,"href":"https:\/\/bykitchen.com.tr\/en\/wp-json\/wp\/v2\/product\/16702\/revisions\/16706"}],"wp:featuredmedia":[{"embeddable":true,"href":"https:\/\/bykitchen.com.tr\/en\/wp-json\/wp\/v2\/media\/16703"}],"wp:attachment":[{"href":"https:\/\/bykitchen.com.tr\/en\/wp-json\/wp\/v2\/media?parent=16702"}],"wp:term":[{"taxonomy":"product_brand","embeddable":true,"href":"https:\/\/bykitchen.com.tr\/en\/wp-json\/wp\/v2\/product_brand?post=16702"},{"taxonomy":"product_cat","embeddable":true,"href":"https:\/\/bykitchen.com.tr\/en\/wp-json\/wp\/v2\/product_cat?post=16702"},{"taxonomy":"product_tag","embeddable":true,"href":"https:\/\/bykitchen.com.tr\/en\/wp-json\/wp\/v2\/product_tag?post=16702"}],"curies":[{"name":"wp","href":"https:\/\/api.w.org\/{rel}","templated":true}]}}