{"id":16697,"date":"2024-09-04T13:59:55","date_gmt":"2024-09-04T10:59:55","guid":{"rendered":"https:\/\/bykitchen.com.tr\/?post_type=product&#038;p=16697"},"modified":"2025-10-04T09:28:19","modified_gmt":"2025-10-04T06:28:19","slug":"by-kitchen-soguk-teshir-dolabi-dst-06-02","status":"publish","type":"product","link":"https:\/\/bykitchen.com.tr\/en\/product\/by-kitchen-soguk-teshir-dolabi-dst-06-02\/","title":{"rendered":"By Kitchen So\u011fuk Te\u015fhir Dolab\u0131 DST-06-02"},"content":{"rendered":"","protected":false},"excerpt":{"rendered":"<p><strong>Genel \u00d6zellikler:<\/strong><\/p>\n<ul>\n<li>\u00dcstte Parlak Dahili LED ayd\u0131nlatma<\/li>\n<li>Dijital s\u0131cakl\u0131k kontrol cihaz\u0131 ve ekran<\/li>\n<li>Ayarlanabilir krom kaplama raflar<\/li>\n<li>4 taraf\u0131 \u00e7ift cam<\/li>\n<li>\u00d6n ve arka s\u00fcrg\u00fcl\u00fc kap\u0131lar<\/li>\n<li>Bak\u0131m gerektirmeyen kondenser<\/li>\n<li>Havaland\u0131rmal\u0131 so\u011futma sistemi<\/li>\n<li>Otomatik buz \u00e7\u00f6zme<\/li>\n<li>Stainless steel<\/li>\n<\/ul>\n<p><strong>Teknik \u00d6zellikler:<\/strong><\/p>\n<ul>\n<li>Br\u00fct kapasite 160L<\/li>\n<li>S\u0131cakl\u0131k Aral\u0131\u011f\u0131 0 \u2013 12\u00b0C<\/li>\n<li>Nominal Giri\u015f G\u00fcc\u00fc 220W<\/li>\n<li>So\u011futucu R600A<\/li>\n<li>Boyut:880*568*686 mm<\/li>\n<li>Paket Boyutu 951*627*735mm<\/li>\n<li>Renk Siyah<\/li>\n<li><a href=\"https:\/\/bykitchen.com.tr\/wp-content\/uploads\/2024\/09\/DST-06-02-urun-bilgi-formu.pdf\">DST 06 -02 \u00fcr\u00fcn bilgi formu<\/a><\/li>\n<li><a href=\"https:\/\/bykitchen.com.tr\/wp-content\/uploads\/2024\/09\/DST05-2-DST06-2-KULLANIM-KILAVUZU-1.pdf-1.pdf\">By Kitchen Pasta Te\u015fhir Dolab\u0131 DST-06-02<\/a><\/li>\n<\/ul>","protected":false},"featured_media":16700,"comment_status":"open","ping_status":"closed","template":"","meta":[],"product_brand":[],"product_cat":[109,111],"product_tag":[],"class_list":{"0":"post-16697","1":"product","2":"type-product","3":"status-publish","4":"has-post-thumbnail","6":"product_cat-teshir-uniteleri","7":"product_cat-soguk-teshir-uniteleri","9":"first","10":"instock","11":"shipping-taxable","12":"product-type-simple"},"_links":{"self":[{"href":"https:\/\/bykitchen.com.tr\/en\/wp-json\/wp\/v2\/product\/16697","targetHints":{"allow":["GET"]}}],"collection":[{"href":"https:\/\/bykitchen.com.tr\/en\/wp-json\/wp\/v2\/product"}],"about":[{"href":"https:\/\/bykitchen.com.tr\/en\/wp-json\/wp\/v2\/types\/product"}],"replies":[{"embeddable":true,"href":"https:\/\/bykitchen.com.tr\/en\/wp-json\/wp\/v2\/comments?post=16697"}],"version-history":[{"count":2,"href":"https:\/\/bykitchen.com.tr\/en\/wp-json\/wp\/v2\/product\/16697\/revisions"}],"predecessor-version":[{"id":17199,"href":"https:\/\/bykitchen.com.tr\/en\/wp-json\/wp\/v2\/product\/16697\/revisions\/17199"}],"wp:featuredmedia":[{"embeddable":true,"href":"https:\/\/bykitchen.com.tr\/en\/wp-json\/wp\/v2\/media\/16700"}],"wp:attachment":[{"href":"https:\/\/bykitchen.com.tr\/en\/wp-json\/wp\/v2\/media?parent=16697"}],"wp:term":[{"taxonomy":"product_brand","embeddable":true,"href":"https:\/\/bykitchen.com.tr\/en\/wp-json\/wp\/v2\/product_brand?post=16697"},{"taxonomy":"product_cat","embeddable":true,"href":"https:\/\/bykitchen.com.tr\/en\/wp-json\/wp\/v2\/product_cat?post=16697"},{"taxonomy":"product_tag","embeddable":true,"href":"https:\/\/bykitchen.com.tr\/en\/wp-json\/wp\/v2\/product_tag?post=16697"}],"curies":[{"name":"wp","href":"https:\/\/api.w.org\/{rel}","templated":true}]}}