{"id":16678,"date":"2024-09-04T13:05:03","date_gmt":"2024-09-04T10:05:03","guid":{"rendered":"https:\/\/bykitchen.com.tr\/?post_type=product&#038;p=16678"},"modified":"2025-10-04T09:40:48","modified_gmt":"2025-10-04T06:40:48","slug":"by-kitchen-balik-teshir-dolabi-dbd-01","status":"publish","type":"product","link":"https:\/\/bykitchen.com.tr\/en\/product\/by-kitchen-balik-teshir-dolabi-dbd-01\/","title":{"rendered":"By Kitchen \u00c7ok Ama\u00e7l\u0131 Te\u015fhir Dolab\u0131 DBD-01"},"content":{"rendered":"","protected":false},"excerpt":{"rendered":"<p><strong>Genel \u00d6zellikler:<\/strong><\/p>\n<ul>\n<li>\u00dcstte Parlak Dahili LED ayd\u0131nlatma<\/li>\n<li>Dijital s\u0131cakl\u0131k kontrol\u00fc ve ekran\u0131<\/li>\n<li>Yo\u011fu\u015fmay\u0131 toplamak i\u00e7in havuzlu \u00fcst evaporat\u00f6r<\/li>\n<li>Do\u011frudan so\u011futma sistemi<\/li>\n<li>Otomatik buz \u00e7\u00f6zme<\/li>\n<li>Tek Cam<\/li>\n<li>\u00d6n kavisli Cam<\/li>\n<li>Arka tarafta s\u00fcrg\u00fcl\u00fc kap\u0131lar<\/li>\n<\/ul>\n<p><strong>Teknik \u00d6zellikler:<\/strong><\/p>\n<ul>\n<li>Br\u00fct kapasite 175L<\/li>\n<li>S\u0131cakl\u0131k Aral\u0131\u011f\u0131 2 \u2013 12\u00b0C<\/li>\n<li>Nominal Giri\u015f G\u00fcc\u00fc 200W<\/li>\n<li>So\u011futucu R600A<\/li>\n<li>Boyut:915*890*542 mm<\/li>\n<li>Paket Boyutu 960*960*668<\/li>\n<li>Renk Siyah<\/li>\n<li><a href=\"https:\/\/bykitchen.com.tr\/wp-content\/uploads\/2024\/09\/DBD-01-DBD-02-KILAVUZ.pdf\">DBD-01, DBD-02 KILAVUZ<\/a><\/li>\n<li><a href=\"https:\/\/bykitchen.com.tr\/wp-content\/uploads\/2024\/09\/DBD-01-URUN-BILGI-FORMU.pdf\">DBD &#8211; 01 \u00dcR\u00dcN B\u0130LG\u0130 FORMU<\/a><\/li>\n<\/ul>","protected":false},"featured_media":16679,"comment_status":"open","ping_status":"closed","template":"","meta":[],"product_brand":[],"product_cat":[111],"product_tag":[],"class_list":{"0":"post-16678","1":"product","2":"type-product","3":"status-publish","4":"has-post-thumbnail","6":"product_cat-soguk-teshir-uniteleri","8":"first","9":"instock","10":"shipping-taxable","11":"product-type-simple"},"_links":{"self":[{"href":"https:\/\/bykitchen.com.tr\/en\/wp-json\/wp\/v2\/product\/16678","targetHints":{"allow":["GET"]}}],"collection":[{"href":"https:\/\/bykitchen.com.tr\/en\/wp-json\/wp\/v2\/product"}],"about":[{"href":"https:\/\/bykitchen.com.tr\/en\/wp-json\/wp\/v2\/types\/product"}],"replies":[{"embeddable":true,"href":"https:\/\/bykitchen.com.tr\/en\/wp-json\/wp\/v2\/comments?post=16678"}],"version-history":[{"count":4,"href":"https:\/\/bykitchen.com.tr\/en\/wp-json\/wp\/v2\/product\/16678\/revisions"}],"predecessor-version":[{"id":17202,"href":"https:\/\/bykitchen.com.tr\/en\/wp-json\/wp\/v2\/product\/16678\/revisions\/17202"}],"wp:featuredmedia":[{"embeddable":true,"href":"https:\/\/bykitchen.com.tr\/en\/wp-json\/wp\/v2\/media\/16679"}],"wp:attachment":[{"href":"https:\/\/bykitchen.com.tr\/en\/wp-json\/wp\/v2\/media?parent=16678"}],"wp:term":[{"taxonomy":"product_brand","embeddable":true,"href":"https:\/\/bykitchen.com.tr\/en\/wp-json\/wp\/v2\/product_brand?post=16678"},{"taxonomy":"product_cat","embeddable":true,"href":"https:\/\/bykitchen.com.tr\/en\/wp-json\/wp\/v2\/product_cat?post=16678"},{"taxonomy":"product_tag","embeddable":true,"href":"https:\/\/bykitchen.com.tr\/en\/wp-json\/wp\/v2\/product_tag?post=16678"}],"curies":[{"name":"wp","href":"https:\/\/api.w.org\/{rel}","templated":true}]}}