{"id":16400,"date":"2023-12-31T12:22:33","date_gmt":"2023-12-31T09:22:33","guid":{"rendered":"https:\/\/bykitchen.com.tr\/?post_type=product&#038;p=16400"},"modified":"2024-01-02T16:21:46","modified_gmt":"2024-01-02T13:21:46","slug":"by-kitchen-tezgah-tipi-derindondurucu-2-kapi","status":"publish","type":"product","link":"https:\/\/bykitchen.com.tr\/en\/product\/by-kitchen-tezgah-tipi-derindondurucu-2-kapi\/","title":{"rendered":"By Kitchen Countertop Freezer 2 Door DTS-2N"},"content":{"rendered":"","protected":false},"excerpt":{"rendered":"<p class=\"translation-block\">Yuvarlanm\u0131\u015f i\u00e7 zemin taban\u0131.<br>\r\n-Yuvarlanm\u0131\u015f \u00fcst tabla \u00f6n\u00fc, 60mm s\u0131rt.<br>\r\n-45<sup>0&nbsp;<\/sup>de sabit, 45<sup>0<\/sup>&nbsp;alt\u0131nda kendili\u011finden kapanan kap\u0131lar.<br>\r\n-Ayarlanabilir, plastik kaplamal\u0131 paslanmaz \u00e7elik i\u00e7 raflar.<br>\r\n-D\u00f6ner kap\u0131 tipi \u0131zgara panel.<br>\r\n-60 mm kal\u0131nl\u0131\u011f\u0131nda ozon dostu poli\u00fcretan izolasyon.<br>\r\n-40kg\/m<sup>3<\/sup>&nbsp;densite.<br>\r\n-S\u00f6k\u00fclebilir havaland\u0131rmal\u0131 kompres\u00f6r.<br>\r\n-CFC i\u00e7ermez(free), R-134 A so\u011futucu gaz.<br>\r\n-Fanl\u0131 so\u011futma.<br>\r\n-Al\u00fcminyum panelli, bak\u0131r borulu evaporat\u00f6r.<br>\r\n-Defrost esnas\u0131nda otomatik su buharla\u015ft\u0131rma.<br>\r\n-\u00c7al\u0131\u015fma aral\u0131\u011f\u0131 -18<sup>0<\/sup>C \u2013 22&nbsp;<sup>0<\/sup>C&nbsp;(tropikal 43&nbsp;<sup>0<\/sup>C).<br>\r\n-Elektronik s\u0131cakl\u0131k ve defrost kontroll\u00fc g\u00f6sterge.<br>\r\n-Elektrik 230V -1 + N \u2013 50ve 60 Hz.<\/p>\n<p>Capacity (Lt.): 255<\/p>\n<p>Size(mm): 1492x600x850<\/p>\n<p>Power (kW): 0.64<\/p>\n<p>Door: 2<\/p>","protected":false},"featured_media":16381,"comment_status":"open","ping_status":"closed","template":"","meta":[],"product_brand":[],"product_cat":[158],"product_tag":[],"class_list":{"0":"post-16400","1":"product","2":"type-product","3":"status-publish","4":"has-post-thumbnail","6":"product_cat-tezgah-tipi-derin-dondurucular","8":"first","9":"instock","10":"shipping-taxable","11":"product-type-simple"},"_links":{"self":[{"href":"https:\/\/bykitchen.com.tr\/en\/wp-json\/wp\/v2\/product\/16400","targetHints":{"allow":["GET"]}}],"collection":[{"href":"https:\/\/bykitchen.com.tr\/en\/wp-json\/wp\/v2\/product"}],"about":[{"href":"https:\/\/bykitchen.com.tr\/en\/wp-json\/wp\/v2\/types\/product"}],"replies":[{"embeddable":true,"href":"https:\/\/bykitchen.com.tr\/en\/wp-json\/wp\/v2\/comments?post=16400"}],"version-history":[{"count":1,"href":"https:\/\/bykitchen.com.tr\/en\/wp-json\/wp\/v2\/product\/16400\/revisions"}],"predecessor-version":[{"id":16401,"href":"https:\/\/bykitchen.com.tr\/en\/wp-json\/wp\/v2\/product\/16400\/revisions\/16401"}],"wp:featuredmedia":[{"embeddable":true,"href":"https:\/\/bykitchen.com.tr\/en\/wp-json\/wp\/v2\/media\/16381"}],"wp:attachment":[{"href":"https:\/\/bykitchen.com.tr\/en\/wp-json\/wp\/v2\/media?parent=16400"}],"wp:term":[{"taxonomy":"product_brand","embeddable":true,"href":"https:\/\/bykitchen.com.tr\/en\/wp-json\/wp\/v2\/product_brand?post=16400"},{"taxonomy":"product_cat","embeddable":true,"href":"https:\/\/bykitchen.com.tr\/en\/wp-json\/wp\/v2\/product_cat?post=16400"},{"taxonomy":"product_tag","embeddable":true,"href":"https:\/\/bykitchen.com.tr\/en\/wp-json\/wp\/v2\/product_tag?post=16400"}],"curies":[{"name":"wp","href":"https:\/\/api.w.org\/{rel}","templated":true}]}}