{"id":16282,"date":"2023-12-29T11:37:59","date_gmt":"2023-12-29T08:37:59","guid":{"rendered":"https:\/\/bykitchen.com.tr\/?post_type=product&#038;p=16282"},"modified":"2025-12-31T14:02:39","modified_gmt":"2025-12-31T11:02:39","slug":"by-kitchen-bar-arkasi-sise-sogutucu-tek-kapili","status":"publish","type":"product","link":"https:\/\/bykitchen.com.tr\/en\/product\/by-kitchen-bar-arkasi-sise-sogutucu-tek-kapili\/","title":{"rendered":"By Kitchen Behind Bar Bottle Cooler Single Door"},"content":{"rendered":"","protected":false},"excerpt":{"rendered":"<h1 data-start=\"81\" data-end=\"105\">By Kitchen Tek Kap\u0131l\u0131 Backbar<\/h1>\n<h3 data-start=\"81\" data-end=\"105\">\u00d6zellikler<\/h3>\n<ul data-start=\"107\" data-end=\"458\">\n<li data-start=\"107\" data-end=\"133\">\n<p data-start=\"109\" data-end=\"133\">Havaland\u0131rmal\u0131 so\u011futma<\/p>\n<\/li>\n<li data-start=\"134\" data-end=\"171\">\n<p data-start=\"136\" data-end=\"171\">Y\u00fcksek verimli R600a so\u011futucu gaz<\/p>\n<\/li>\n<li data-start=\"172\" data-end=\"206\">\n<p data-start=\"174\" data-end=\"206\">0 \u00b0C ~ +10 \u00b0C s\u0131cakl\u0131k aral\u0131\u011f\u0131<\/p>\n<\/li>\n<li data-start=\"207\" data-end=\"225\">\n<p data-start=\"209\" data-end=\"225\">LED ayd\u0131nlatma<\/p>\n<\/li>\n<li data-start=\"226\" data-end=\"261\">\n<p data-start=\"228\" data-end=\"261\">Ayarlanabilir krom kapl\u0131 raflar<\/p>\n<\/li>\n<li data-start=\"262\" data-end=\"291\">\n<p data-start=\"264\" data-end=\"291\">Dijital s\u0131cakl\u0131k kontrol\u00fc<\/p>\n<\/li>\n<li data-start=\"292\" data-end=\"336\">\n<p data-start=\"294\" data-end=\"336\">Kabartmal\u0131 (embossed) al\u00fcminyum i\u00e7 y\u00fczey<\/p>\n<\/li>\n<li data-start=\"337\" data-end=\"379\">\n<p data-start=\"339\" data-end=\"379\">\u00c7ift caml\u0131, kendili\u011finden kapanan kap\u0131<\/p>\n<\/li>\n<li data-start=\"380\" data-end=\"428\">\n<p data-start=\"382\" data-end=\"428\">Standart kilit ve anahtar ile mente\u015feli kap\u0131<\/p>\n<\/li>\n<li data-start=\"429\" data-end=\"458\">\n<p data-start=\"431\" data-end=\"458\">4 adet ayarlanabilir ayak<\/p>\n<\/li>\n<\/ul>\n<h3 data-start=\"460\" data-end=\"495\">Opsiyonel Se\u00e7enekler<\/h3>\n<ul data-start=\"497\" data-end=\"608\">\n<li data-start=\"497\" data-end=\"526\">\n<p data-start=\"499\" data-end=\"526\">Farkl\u0131 kap\u0131 kolu stilleri<\/p>\n<\/li>\n<li data-start=\"527\" data-end=\"576\">\n<p data-start=\"529\" data-end=\"576\">Al\u00fcminyum veya paslanmaz \u00e7elik kap\u0131 \u00e7er\u00e7evesi<\/p>\n<\/li>\n<li data-start=\"577\" data-end=\"608\">\n<p data-start=\"579\" data-end=\"608\">R134a so\u011futucu gaz se\u00e7ene\u011fi<\/p>\n<\/li>\n<\/ul>\n<p><a href=\"https:\/\/bykitchen.com.tr\/wp-content\/uploads\/2023\/12\/DBB-150-BILGI-FORMU-1.pdf\">DBB-150 B\u0130LG\u0130 FORMU<\/a><\/p>\n<p><a href=\"https:\/\/bykitchen.com.tr\/wp-content\/uploads\/2023\/12\/DBB-150-ENERGY-LABEL.pdf\">DBB-150 ENERGY LABEL<\/a><\/p>","protected":false},"featured_media":16283,"comment_status":"open","ping_status":"closed","template":"","meta":[],"product_brand":[],"product_cat":[118],"product_tag":[],"class_list":{"0":"post-16282","1":"product","2":"type-product","3":"status-publish","4":"has-post-thumbnail","6":"product_cat-sise-sogutucular","8":"first","9":"instock","10":"shipping-taxable","11":"product-type-simple"},"_links":{"self":[{"href":"https:\/\/bykitchen.com.tr\/en\/wp-json\/wp\/v2\/product\/16282","targetHints":{"allow":["GET"]}}],"collection":[{"href":"https:\/\/bykitchen.com.tr\/en\/wp-json\/wp\/v2\/product"}],"about":[{"href":"https:\/\/bykitchen.com.tr\/en\/wp-json\/wp\/v2\/types\/product"}],"replies":[{"embeddable":true,"href":"https:\/\/bykitchen.com.tr\/en\/wp-json\/wp\/v2\/comments?post=16282"}],"version-history":[{"count":5,"href":"https:\/\/bykitchen.com.tr\/en\/wp-json\/wp\/v2\/product\/16282\/revisions"}],"predecessor-version":[{"id":17349,"href":"https:\/\/bykitchen.com.tr\/en\/wp-json\/wp\/v2\/product\/16282\/revisions\/17349"}],"wp:featuredmedia":[{"embeddable":true,"href":"https:\/\/bykitchen.com.tr\/en\/wp-json\/wp\/v2\/media\/16283"}],"wp:attachment":[{"href":"https:\/\/bykitchen.com.tr\/en\/wp-json\/wp\/v2\/media?parent=16282"}],"wp:term":[{"taxonomy":"product_brand","embeddable":true,"href":"https:\/\/bykitchen.com.tr\/en\/wp-json\/wp\/v2\/product_brand?post=16282"},{"taxonomy":"product_cat","embeddable":true,"href":"https:\/\/bykitchen.com.tr\/en\/wp-json\/wp\/v2\/product_cat?post=16282"},{"taxonomy":"product_tag","embeddable":true,"href":"https:\/\/bykitchen.com.tr\/en\/wp-json\/wp\/v2\/product_tag?post=16282"}],"curies":[{"name":"wp","href":"https:\/\/api.w.org\/{rel}","templated":true}]}}