{"id":16271,"date":"2023-12-29T10:58:15","date_gmt":"2023-12-29T07:58:15","guid":{"rendered":"https:\/\/bykitchen.com.tr\/?post_type=product&#038;p=16271"},"modified":"2025-03-28T09:44:58","modified_gmt":"2025-03-28T06:44:58","slug":"by-kitchen-pasta-dolabi-setustu-dst-07","status":"publish","type":"product","link":"https:\/\/bykitchen.com.tr\/en\/product\/by-kitchen-pasta-dolabi-setustu-dst-07\/","title":{"rendered":"By Kitchen Showcase DST-07"},"content":{"rendered":"","protected":false},"excerpt":{"rendered":"<p>-Top Led lightings<\/p>\n<div>\n<div>-Adjustable Chrome Shelves<\/div>\n<div>-Double glazing on 4 sides<\/div>\n<div>-Cross windshield<\/div>\n<div>-Flat top glass, product can be placed<\/div>\n<div>-Stainless steel<\/div>\n<div>-The glass used is tempered and surrounded by three layers of glass, which saves both energy and time by keeping the cold air it produces longer.<\/div>\n<\/div>\n<div>\n<div>\n<div>Dimensions:1219*568*686<\/div>\n<div>Weight:88.5kg<\/div>\n<div><a href=\"https:\/\/bykitchen.com.tr\/wp-content\/uploads\/2023\/12\/DST-07-URUN-BILGI-FORMU.pdf\">DST-07 \u00dcR\u00dcN B\u0130LG\u0130 FORMU<\/a><\/div>\n<\/div>\n<\/div>","protected":false},"featured_media":16269,"comment_status":"open","ping_status":"closed","template":"","meta":[],"product_brand":[],"product_cat":[111],"product_tag":[],"class_list":{"0":"post-16271","1":"product","2":"type-product","3":"status-publish","4":"has-post-thumbnail","6":"product_cat-soguk-teshir-uniteleri","8":"first","9":"instock","10":"shipping-taxable","11":"product-type-simple"},"_links":{"self":[{"href":"https:\/\/bykitchen.com.tr\/en\/wp-json\/wp\/v2\/product\/16271","targetHints":{"allow":["GET"]}}],"collection":[{"href":"https:\/\/bykitchen.com.tr\/en\/wp-json\/wp\/v2\/product"}],"about":[{"href":"https:\/\/bykitchen.com.tr\/en\/wp-json\/wp\/v2\/types\/product"}],"replies":[{"embeddable":true,"href":"https:\/\/bykitchen.com.tr\/en\/wp-json\/wp\/v2\/comments?post=16271"}],"version-history":[{"count":2,"href":"https:\/\/bykitchen.com.tr\/en\/wp-json\/wp\/v2\/product\/16271\/revisions"}],"predecessor-version":[{"id":16848,"href":"https:\/\/bykitchen.com.tr\/en\/wp-json\/wp\/v2\/product\/16271\/revisions\/16848"}],"wp:featuredmedia":[{"embeddable":true,"href":"https:\/\/bykitchen.com.tr\/en\/wp-json\/wp\/v2\/media\/16269"}],"wp:attachment":[{"href":"https:\/\/bykitchen.com.tr\/en\/wp-json\/wp\/v2\/media?parent=16271"}],"wp:term":[{"taxonomy":"product_brand","embeddable":true,"href":"https:\/\/bykitchen.com.tr\/en\/wp-json\/wp\/v2\/product_brand?post=16271"},{"taxonomy":"product_cat","embeddable":true,"href":"https:\/\/bykitchen.com.tr\/en\/wp-json\/wp\/v2\/product_cat?post=16271"},{"taxonomy":"product_tag","embeddable":true,"href":"https:\/\/bykitchen.com.tr\/en\/wp-json\/wp\/v2\/product_tag?post=16271"}],"curies":[{"name":"wp","href":"https:\/\/api.w.org\/{rel}","templated":true}]}}