{"id":16024,"date":"2023-12-28T09:26:07","date_gmt":"2023-12-28T06:26:07","guid":{"rendered":"https:\/\/bykitchen.com.tr\/?post_type=product&#038;p=16024"},"modified":"2025-12-14T15:44:38","modified_gmt":"2025-12-14T12:44:38","slug":"vortex-bar-blender","status":"publish","type":"product","link":"https:\/\/bykitchen.com.tr\/en\/product\/vortex-bar-blender\/","title":{"rendered":"By Kitchen Vortex Bar Blender"},"content":{"rendered":"<div style=\"width: 640px;\" class=\"wp-video\"><video class=\"wp-video-shortcode\" id=\"video-16024-2\" width=\"640\" height=\"360\" preload=\"metadata\" controls=\"controls\"><source type=\"video\/mp4\" src=\"https:\/\/bykitchen.com.tr\/wp-content\/uploads\/2023\/12\/videoplayback-1.mp4?_=2\" \/><a href=\"https:\/\/bykitchen.com.tr\/wp-content\/uploads\/2023\/12\/videoplayback-1.mp4\">https:\/\/bykitchen.com.tr\/wp-content\/uploads\/2023\/12\/videoplayback-1.mp4<\/a><\/video><\/div>","protected":false},"excerpt":{"rendered":"<p>If you need a bar blender and can't decide which bar blender is right for you, let us help you;<\/p>\n<h3 class=\"sub-title\">What do you think about the large reservoir?<\/h3>\n<p>The inner chamber of the Bar Blender is up to 2 liters. The fact that the inner chamber of the bar blender you use is large can allow many products to be taken into the blender at once and perform its function. The fact that the ingredients can be shredded in one go will also save people time.<\/p>\n<h3 class=\"sub-title\">Durable Bar Blender Inner Bowl<\/h3>\n<p>Thanks to the fact that the inner chamber has a durable polycarbonate chamber, no matter how hard objects are placed in it, it will never damage your bar blender chamber. In this way, it can bring many years of use with it.<\/p>\n<h3 class=\"sub-title\">Vortex Bar Blender with Stainless Steel Blades<\/h3>\n<p>The blades inside the Bar Blender are designed in a steel structure. The steel structure of the blades prevents rusting. In this way, it brings with it the use of the blender for many years.<\/p>\n<h3 class=\"sub-title\">Bar Blender Easy to Clean<\/h3>\n<p>The fact that the internal structure is easy to clean provides great convenience for people. After using the blender, the inner blades are easily removed and can be cleaned with small operations. In addition, detergents applied to the blades do not damage the blades. The inner chamber never smells after cleaning.<\/p>\n<h3 class=\"sub-title\">Strong Ice Breaking Structure<\/h3>\n<p>The fact that the ice breaking structure of the Bar Blender is strong indicates that its structure is also robust. The hard structure of the ice can be broken in 10 seconds. At the same time, the structure of the blender is never damaged while breaking the ice. With this crushing structure, it will be possible to make cold drinks in minutes on hot summer days.<\/p>\n<h3 class=\"sub-title\">Is the Bar Blender Base Structure Non-Slip?<\/h3>\n<p>The non-slip structure of the base of the Bar Blender prevents negative situations while the blender is running. Especially in bar blenders operating at fast settings, the occurrence of slips is prevented and the risk of the materials and blender falling to the floor is eliminated. In this way, it will be possible to perform the operations more efficiently.<\/p>\n<p><strong><a href=\"https:\/\/youtu.be\/6ZO4V5AX47A?si=fAYkX4rMp2cODovO\">Vortex Bar Blender G\u00fcc\u00fcn\u00fc \u0130zle<\/a><\/strong><\/p>\n<div style=\"width: 640px;\" class=\"wp-video\"><video class=\"wp-video-shortcode\" id=\"video-16024-1\" width=\"640\" height=\"360\" preload=\"metadata\" controls=\"controls\"><source type=\"video\/mp4\" src=\"https:\/\/bykitchen.com.tr\/wp-content\/uploads\/2023\/12\/videoplayback-1.mp4?_=1\" \/><a href=\"https:\/\/bykitchen.com.tr\/wp-content\/uploads\/2023\/12\/videoplayback-1.mp4\">https:\/\/bykitchen.com.tr\/wp-content\/uploads\/2023\/12\/videoplayback-1.mp4<\/a><\/video><\/div>","protected":false},"featured_media":17316,"comment_status":"open","ping_status":"closed","template":"","meta":[],"product_brand":[],"product_cat":[86],"product_tag":[],"class_list":{"0":"post-16024","1":"product","2":"type-product","3":"status-publish","4":"has-post-thumbnail","6":"product_cat-bar-blender","8":"first","9":"instock","10":"shipping-taxable","11":"product-type-simple"},"_links":{"self":[{"href":"https:\/\/bykitchen.com.tr\/en\/wp-json\/wp\/v2\/product\/16024","targetHints":{"allow":["GET"]}}],"collection":[{"href":"https:\/\/bykitchen.com.tr\/en\/wp-json\/wp\/v2\/product"}],"about":[{"href":"https:\/\/bykitchen.com.tr\/en\/wp-json\/wp\/v2\/types\/product"}],"replies":[{"embeddable":true,"href":"https:\/\/bykitchen.com.tr\/en\/wp-json\/wp\/v2\/comments?post=16024"}],"version-history":[{"count":8,"href":"https:\/\/bykitchen.com.tr\/en\/wp-json\/wp\/v2\/product\/16024\/revisions"}],"predecessor-version":[{"id":17318,"href":"https:\/\/bykitchen.com.tr\/en\/wp-json\/wp\/v2\/product\/16024\/revisions\/17318"}],"wp:featuredmedia":[{"embeddable":true,"href":"https:\/\/bykitchen.com.tr\/en\/wp-json\/wp\/v2\/media\/17316"}],"wp:attachment":[{"href":"https:\/\/bykitchen.com.tr\/en\/wp-json\/wp\/v2\/media?parent=16024"}],"wp:term":[{"taxonomy":"product_brand","embeddable":true,"href":"https:\/\/bykitchen.com.tr\/en\/wp-json\/wp\/v2\/product_brand?post=16024"},{"taxonomy":"product_cat","embeddable":true,"href":"https:\/\/bykitchen.com.tr\/en\/wp-json\/wp\/v2\/product_cat?post=16024"},{"taxonomy":"product_tag","embeddable":true,"href":"https:\/\/bykitchen.com.tr\/en\/wp-json\/wp\/v2\/product_tag?post=16024"}],"curies":[{"name":"wp","href":"https:\/\/api.w.org\/{rel}","templated":true}]}}